{"id":63,"date":"2025-06-18T17:32:07","date_gmt":"2025-06-18T20:32:07","guid":{"rendered":"https:\/\/weareland.com.ar\/?page_id=63"},"modified":"2025-10-24T19:26:24","modified_gmt":"2025-10-24T22:26:24","slug":"detalles","status":"publish","type":"page","link":"https:\/\/weareland.com.ar\/index.php\/detalles\/","title":{"rendered":"Detalles"},"content":{"rendered":"\t\t<div data-elementor-type=\"wp-page\" data-elementor-id=\"63\" class=\"elementor elementor-63\" data-elementor-post-type=\"page\">\n\t\t\t\t<div class=\"elementor-element elementor-element-70147c8 e-con-full e-flex e-con e-parent\" data-id=\"70147c8\" data-element_type=\"container\">\n\t\t<div class=\"elementor-element elementor-element-da63936 e-con-full e-flex e-con e-child\" data-id=\"da63936\" data-element_type=\"container\">\n\t\t\t\t<div class=\"elementor-element elementor-element-819c1c8 elementor-skin-carousel elementor-widget elementor-widget-media-carousel\" data-id=\"819c1c8\" data-element_type=\"widget\" data-settings=\"{&quot;speed&quot;:5000,&quot;autoplay_speed&quot;:0,&quot;lazyload&quot;:&quot;yes&quot;,&quot;skin&quot;:&quot;carousel&quot;,&quot;effect&quot;:&quot;slide&quot;,&quot;autoplay&quot;:&quot;yes&quot;,&quot;loop&quot;:&quot;yes&quot;,&quot;pause_on_hover&quot;:&quot;yes&quot;,&quot;pause_on_interaction&quot;:&quot;yes&quot;,&quot;space_between&quot;:{&quot;unit&quot;:&quot;px&quot;,&quot;size&quot;:10,&quot;sizes&quot;:[]},&quot;space_between_tablet&quot;:{&quot;unit&quot;:&quot;px&quot;,&quot;size&quot;:10,&quot;sizes&quot;:[]},&quot;space_between_mobile&quot;:{&quot;unit&quot;:&quot;px&quot;,&quot;size&quot;:10,&quot;sizes&quot;:[]}}\" data-widget_type=\"media-carousel.default\">\n\t\t\t\t<div class=\"elementor-widget-container\">\n\t\t\t\t\t\t\t\t\t<div class=\"elementor-swiper\">\n\t\t\t\t\t<div class=\"elementor-main-swiper swiper\" role=\"region\" aria-roledescription=\"carousel\" aria-label=\"arquitectura\">\n\t\t\t\t<div class=\"swiper-wrapper\">\n\t\t\t\t\t\t\t\t\t\t\t<div class=\"swiper-slide\" role=\"group\" aria-roledescription=\"slide\">\n\t\t\t\t\t\t\t<a href=\"https:\/\/weareland.com.ar\/wp-content\/uploads\/2025\/10\/1-Detalles-viga-mensula-detalle.jpg\" data-elementor-open-lightbox=\"yes\" data-elementor-lightbox-slideshow=\"819c1c8\" data-e-action-hash=\"#elementor-action%3Aaction%3Dlightbox%26settings%3DeyJpZCI6NjM0LCJ1cmwiOiJodHRwczpcL1wvd2VhcmVsYW5kLmNvbS5hclwvd3AtY29udGVudFwvdXBsb2Fkc1wvMjAyNVwvMTBcLzEtRGV0YWxsZXMtdmlnYS1tZW5zdWxhLWRldGFsbGUuanBnIiwic2xpZGVzaG93IjoiODE5YzFjOCJ9\">\t\t<div class=\"elementor-carousel-image swiper-lazy\" role=\"img\" aria-label=\"\" data-background=\"https:\/\/weareland.com.ar\/wp-content\/uploads\/2025\/10\/1-Detalles-viga-mensula-detalle.jpg\">\n\n\t\t\t\t\t\t\t<div class=\"swiper-lazy-preloader\"><\/div>\n\t\t\t\n\t\t\t\t\t<\/div>\n\t\t\t\t\t<div class=\"elementor-carousel-image-overlay e-overlay-animation-fade\">\n\t\t\t\t\t\t\t<\/div>\n\t\t\t<\/a>\t\t\t\t\t\t<\/div>\n\t\t\t\t\t\t\t\t\t\t\t<div class=\"swiper-slide\" role=\"group\" aria-roledescription=\"slide\">\n\t\t\t\t\t\t\t<a href=\"https:\/\/weareland.com.ar\/wp-content\/uploads\/2025\/10\/2-detalles-CH-2-VENTANA-scaled.jpg\" data-elementor-open-lightbox=\"yes\" data-elementor-lightbox-slideshow=\"819c1c8\" data-e-action-hash=\"#elementor-action%3Aaction%3Dlightbox%26settings%3DeyJpZCI6NjM1LCJ1cmwiOiJodHRwczpcL1wvd2VhcmVsYW5kLmNvbS5hclwvd3AtY29udGVudFwvdXBsb2Fkc1wvMjAyNVwvMTBcLzItZGV0YWxsZXMtQ0gtMi1WRU5UQU5BLXNjYWxlZC5qcGciLCJzbGlkZXNob3ciOiI4MTljMWM4In0%3D\">\t\t<div class=\"elementor-carousel-image swiper-lazy\" role=\"img\" aria-label=\"\" data-background=\"https:\/\/weareland.com.ar\/wp-content\/uploads\/2025\/10\/2-detalles-CH-2-VENTANA-scaled.jpg\">\n\n\t\t\t\t\t\t\t<div class=\"swiper-lazy-preloader\"><\/div>\n\t\t\t\n\t\t\t\t\t<\/div>\n\t\t\t\t\t<div class=\"elementor-carousel-image-overlay e-overlay-animation-fade\">\n\t\t\t\t\t\t\t<\/div>\n\t\t\t<\/a>\t\t\t\t\t\t<\/div>\n\t\t\t\t\t\t\t\t\t\t\t<div class=\"swiper-slide\" role=\"group\" aria-roledescription=\"slide\">\n\t\t\t\t\t\t\t<a href=\"https:\/\/weareland.com.ar\/wp-content\/uploads\/2025\/10\/3-detalles-scaled.jpg\" data-elementor-open-lightbox=\"yes\" data-elementor-lightbox-slideshow=\"819c1c8\" data-e-action-hash=\"#elementor-action%3Aaction%3Dlightbox%26settings%3DeyJpZCI6NjM2LCJ1cmwiOiJodHRwczpcL1wvd2VhcmVsYW5kLmNvbS5hclwvd3AtY29udGVudFwvdXBsb2Fkc1wvMjAyNVwvMTBcLzMtZGV0YWxsZXMtc2NhbGVkLmpwZyIsInNsaWRlc2hvdyI6IjgxOWMxYzgifQ%3D%3D\">\t\t<div class=\"elementor-carousel-image swiper-lazy\" role=\"img\" aria-label=\"\" data-background=\"https:\/\/weareland.com.ar\/wp-content\/uploads\/2025\/10\/3-detalles-scaled.jpg\">\n\n\t\t\t\t\t\t\t<div class=\"swiper-lazy-preloader\"><\/div>\n\t\t\t\n\t\t\t\t\t<\/div>\n\t\t\t\t\t<div class=\"elementor-carousel-image-overlay e-overlay-animation-fade\">\n\t\t\t\t\t\t\t<\/div>\n\t\t\t<\/a>\t\t\t\t\t\t<\/div>\n\t\t\t\t\t\t\t\t\t\t\t<div class=\"swiper-slide\" role=\"group\" aria-roledescription=\"slide\">\n\t\t\t\t\t\t\t<a href=\"https:\/\/weareland.com.ar\/wp-content\/uploads\/2025\/10\/4-CH-1-MOLDURA-FINAL-scaled.jpg\" data-elementor-open-lightbox=\"yes\" data-elementor-lightbox-slideshow=\"819c1c8\" data-e-action-hash=\"#elementor-action%3Aaction%3Dlightbox%26settings%3DeyJpZCI6NjM4LCJ1cmwiOiJodHRwczpcL1wvd2VhcmVsYW5kLmNvbS5hclwvd3AtY29udGVudFwvdXBsb2Fkc1wvMjAyNVwvMTBcLzQtQ0gtMS1NT0xEVVJBLUZJTkFMLXNjYWxlZC5qcGciLCJzbGlkZXNob3ciOiI4MTljMWM4In0%3D\">\t\t<div class=\"elementor-carousel-image swiper-lazy\" role=\"img\" aria-label=\"\" data-background=\"https:\/\/weareland.com.ar\/wp-content\/uploads\/2025\/10\/4-CH-1-MOLDURA-FINAL-scaled.jpg\">\n\n\t\t\t\t\t\t\t<div class=\"swiper-lazy-preloader\"><\/div>\n\t\t\t\n\t\t\t\t\t<\/div>\n\t\t\t\t\t<div class=\"elementor-carousel-image-overlay e-overlay-animation-fade\">\n\t\t\t\t\t\t\t<\/div>\n\t\t\t<\/a>\t\t\t\t\t\t<\/div>\n\t\t\t\t\t\t\t\t\t\t\t<div class=\"swiper-slide\" role=\"group\" aria-roledescription=\"slide\">\n\t\t\t\t\t\t\t<a href=\"https:\/\/weareland.com.ar\/wp-content\/uploads\/2025\/10\/5-detallesNIchos-scaled.jpeg\" data-elementor-open-lightbox=\"yes\" data-elementor-lightbox-slideshow=\"819c1c8\" data-e-action-hash=\"#elementor-action%3Aaction%3Dlightbox%26settings%3DeyJpZCI6NjM5LCJ1cmwiOiJodHRwczpcL1wvd2VhcmVsYW5kLmNvbS5hclwvd3AtY29udGVudFwvdXBsb2Fkc1wvMjAyNVwvMTBcLzUtZGV0YWxsZXNOSWNob3Mtc2NhbGVkLmpwZWciLCJzbGlkZXNob3ciOiI4MTljMWM4In0%3D\">\t\t<div class=\"elementor-carousel-image swiper-lazy\" role=\"img\" aria-label=\"\" data-background=\"https:\/\/weareland.com.ar\/wp-content\/uploads\/2025\/10\/5-detallesNIchos-scaled.jpeg\">\n\n\t\t\t\t\t\t\t<div class=\"swiper-lazy-preloader\"><\/div>\n\t\t\t\n\t\t\t\t\t<\/div>\n\t\t\t\t\t<div class=\"elementor-carousel-image-overlay e-overlay-animation-fade\">\n\t\t\t\t\t\t\t<\/div>\n\t\t\t<\/a>\t\t\t\t\t\t<\/div>\n\t\t\t\t\t\t\t\t\t\t\t<div class=\"swiper-slide\" role=\"group\" aria-roledescription=\"slide\">\n\t\t\t\t\t\t\t<a href=\"https:\/\/weareland.com.ar\/wp-content\/uploads\/2025\/10\/6-DETALLES-REVESTIMIENTO-SUIZO-ARGENTIA-scaled.jpg\" data-elementor-open-lightbox=\"yes\" data-elementor-lightbox-slideshow=\"819c1c8\" data-e-action-hash=\"#elementor-action%3Aaction%3Dlightbox%26settings%3DeyJpZCI6NjQwLCJ1cmwiOiJodHRwczpcL1wvd2VhcmVsYW5kLmNvbS5hclwvd3AtY29udGVudFwvdXBsb2Fkc1wvMjAyNVwvMTBcLzYtREVUQUxMRVMtUkVWRVNUSU1JRU5UTy1TVUlaTy1BUkdFTlRJQS1zY2FsZWQuanBnIiwic2xpZGVzaG93IjoiODE5YzFjOCJ9\">\t\t<div class=\"elementor-carousel-image swiper-lazy\" role=\"img\" aria-label=\"\" data-background=\"https:\/\/weareland.com.ar\/wp-content\/uploads\/2025\/10\/6-DETALLES-REVESTIMIENTO-SUIZO-ARGENTIA-scaled.jpg\">\n\n\t\t\t\t\t\t\t<div class=\"swiper-lazy-preloader\"><\/div>\n\t\t\t\n\t\t\t\t\t<\/div>\n\t\t\t\t\t<div class=\"elementor-carousel-image-overlay e-overlay-animation-fade\">\n\t\t\t\t\t\t\t<\/div>\n\t\t\t<\/a>\t\t\t\t\t\t<\/div>\n\t\t\t\t\t\t\t\t\t\t\t<div class=\"swiper-slide\" role=\"group\" aria-roledescription=\"slide\">\n\t\t\t\t\t\t\t<a href=\"https:\/\/weareland.com.ar\/wp-content\/uploads\/2025\/10\/7-DETALLES-ORO-Y-PRAGUAY-EN-BAJA-scaled.jpg\" data-elementor-open-lightbox=\"yes\" data-elementor-lightbox-slideshow=\"819c1c8\" data-e-action-hash=\"#elementor-action%3Aaction%3Dlightbox%26settings%3DeyJpZCI6NjQxLCJ1cmwiOiJodHRwczpcL1wvd2VhcmVsYW5kLmNvbS5hclwvd3AtY29udGVudFwvdXBsb2Fkc1wvMjAyNVwvMTBcLzctREVUQUxMRVMtT1JPLVktUFJBR1VBWS1FTi1CQUpBLXNjYWxlZC5qcGciLCJzbGlkZXNob3ciOiI4MTljMWM4In0%3D\">\t\t<div class=\"elementor-carousel-image swiper-lazy\" role=\"img\" aria-label=\"\" data-background=\"https:\/\/weareland.com.ar\/wp-content\/uploads\/2025\/10\/7-DETALLES-ORO-Y-PRAGUAY-EN-BAJA-scaled.jpg\">\n\n\t\t\t\t\t\t\t<div class=\"swiper-lazy-preloader\"><\/div>\n\t\t\t\n\t\t\t\t\t<\/div>\n\t\t\t\t\t<div class=\"elementor-carousel-image-overlay e-overlay-animation-fade\">\n\t\t\t\t\t\t\t<\/div>\n\t\t\t<\/a>\t\t\t\t\t\t<\/div>\n\t\t\t\t\t\t\t\t\t\t\t<div class=\"swiper-slide\" role=\"group\" aria-roledescription=\"slide\">\n\t\t\t\t\t\t\t<a href=\"https:\/\/weareland.com.ar\/wp-content\/uploads\/2025\/10\/8-DETALLES-CH-1-DET-VANITORY-CHINO-scaled.jpg\" data-elementor-open-lightbox=\"yes\" data-elementor-lightbox-slideshow=\"819c1c8\" data-e-action-hash=\"#elementor-action%3Aaction%3Dlightbox%26settings%3DeyJpZCI6NjQyLCJ1cmwiOiJodHRwczpcL1wvd2VhcmVsYW5kLmNvbS5hclwvd3AtY29udGVudFwvdXBsb2Fkc1wvMjAyNVwvMTBcLzgtREVUQUxMRVMtQ0gtMS1ERVQtVkFOSVRPUlktQ0hJTk8tc2NhbGVkLmpwZyIsInNsaWRlc2hvdyI6IjgxOWMxYzgifQ%3D%3D\">\t\t<div class=\"elementor-carousel-image swiper-lazy\" role=\"img\" aria-label=\"\" data-background=\"https:\/\/weareland.com.ar\/wp-content\/uploads\/2025\/10\/8-DETALLES-CH-1-DET-VANITORY-CHINO-scaled.jpg\">\n\n\t\t\t\t\t\t\t<div class=\"swiper-lazy-preloader\"><\/div>\n\t\t\t\n\t\t\t\t\t<\/div>\n\t\t\t\t\t<div class=\"elementor-carousel-image-overlay e-overlay-animation-fade\">\n\t\t\t\t\t\t\t<\/div>\n\t\t\t<\/a>\t\t\t\t\t\t<\/div>\n\t\t\t\t\t\t\t\t\t\t\t<div class=\"swiper-slide\" role=\"group\" aria-roledescription=\"slide\">\n\t\t\t\t\t\t\t<a href=\"https:\/\/weareland.com.ar\/wp-content\/uploads\/2025\/10\/9-DI-E-RICCI-Det.-mesa-manzana-comedor-scaled.jpg\" data-elementor-open-lightbox=\"yes\" data-elementor-lightbox-slideshow=\"819c1c8\" data-e-action-hash=\"#elementor-action%3Aaction%3Dlightbox%26settings%3DeyJpZCI6NjQzLCJ1cmwiOiJodHRwczpcL1wvd2VhcmVsYW5kLmNvbS5hclwvd3AtY29udGVudFwvdXBsb2Fkc1wvMjAyNVwvMTBcLzktREktRS1SSUNDSS1EZXQuLW1lc2EtbWFuemFuYS1jb21lZG9yLXNjYWxlZC5qcGciLCJzbGlkZXNob3ciOiI4MTljMWM4In0%3D\">\t\t<div class=\"elementor-carousel-image swiper-lazy\" role=\"img\" aria-label=\"\" data-background=\"https:\/\/weareland.com.ar\/wp-content\/uploads\/2025\/10\/9-DI-E-RICCI-Det.-mesa-manzana-comedor-scaled.jpg\">\n\n\t\t\t\t\t\t\t<div class=\"swiper-lazy-preloader\"><\/div>\n\t\t\t\n\t\t\t\t\t<\/div>\n\t\t\t\t\t<div class=\"elementor-carousel-image-overlay e-overlay-animation-fade\">\n\t\t\t\t\t\t\t<\/div>\n\t\t\t<\/a>\t\t\t\t\t\t<\/div>\n\t\t\t\t\t\t\t\t\t\t\t<div class=\"swiper-slide\" role=\"group\" aria-roledescription=\"slide\">\n\t\t\t\t\t\t\t<a href=\"https:\/\/weareland.com.ar\/wp-content\/uploads\/2025\/10\/10-DETALLES-CHII-CORTINERO-scaled.jpg\" data-elementor-open-lightbox=\"yes\" data-elementor-lightbox-slideshow=\"819c1c8\" data-e-action-hash=\"#elementor-action%3Aaction%3Dlightbox%26settings%3DeyJpZCI6NjQ0LCJ1cmwiOiJodHRwczpcL1wvd2VhcmVsYW5kLmNvbS5hclwvd3AtY29udGVudFwvdXBsb2Fkc1wvMjAyNVwvMTBcLzEwLURFVEFMTEVTLUNISUktQ09SVElORVJPLXNjYWxlZC5qcGciLCJzbGlkZXNob3ciOiI4MTljMWM4In0%3D\">\t\t<div class=\"elementor-carousel-image swiper-lazy\" role=\"img\" aria-label=\"\" data-background=\"https:\/\/weareland.com.ar\/wp-content\/uploads\/2025\/10\/10-DETALLES-CHII-CORTINERO-scaled.jpg\">\n\n\t\t\t\t\t\t\t<div class=\"swiper-lazy-preloader\"><\/div>\n\t\t\t\n\t\t\t\t\t<\/div>\n\t\t\t\t\t<div class=\"elementor-carousel-image-overlay e-overlay-animation-fade\">\n\t\t\t\t\t\t\t<\/div>\n\t\t\t<\/a>\t\t\t\t\t\t<\/div>\n\t\t\t\t\t\t\t\t\t\t\t<div class=\"swiper-slide\" role=\"group\" aria-roledescription=\"slide\">\n\t\t\t\t\t\t\t<a href=\"https:\/\/weareland.com.ar\/wp-content\/uploads\/2025\/10\/12-DETALLE-INT-BANO.jpg\" data-elementor-open-lightbox=\"yes\" data-elementor-lightbox-slideshow=\"819c1c8\" data-e-action-hash=\"#elementor-action%3Aaction%3Dlightbox%26settings%3DeyJpZCI6NjQ1LCJ1cmwiOiJodHRwczpcL1wvd2VhcmVsYW5kLmNvbS5hclwvd3AtY29udGVudFwvdXBsb2Fkc1wvMjAyNVwvMTBcLzEyLURFVEFMTEUtSU5ULUJBTk8uanBnIiwic2xpZGVzaG93IjoiODE5YzFjOCJ9\">\t\t<div class=\"elementor-carousel-image swiper-lazy\" role=\"img\" aria-label=\"\" data-background=\"https:\/\/weareland.com.ar\/wp-content\/uploads\/2025\/10\/12-DETALLE-INT-BANO.jpg\">\n\n\t\t\t\t\t\t\t<div class=\"swiper-lazy-preloader\"><\/div>\n\t\t\t\n\t\t\t\t\t<\/div>\n\t\t\t\t\t<div class=\"elementor-carousel-image-overlay e-overlay-animation-fade\">\n\t\t\t\t\t\t\t<\/div>\n\t\t\t<\/a>\t\t\t\t\t\t<\/div>\n\t\t\t\t\t\t\t\t\t\t\t<div class=\"swiper-slide\" role=\"group\" aria-roledescription=\"slide\">\n\t\t\t\t\t\t\t<a href=\"https:\/\/weareland.com.ar\/wp-content\/uploads\/2025\/10\/13-DETALLES-2-scaled.jpg\" data-elementor-open-lightbox=\"yes\" data-elementor-lightbox-slideshow=\"819c1c8\" data-e-action-hash=\"#elementor-action%3Aaction%3Dlightbox%26settings%3DeyJpZCI6NjQ2LCJ1cmwiOiJodHRwczpcL1wvd2VhcmVsYW5kLmNvbS5hclwvd3AtY29udGVudFwvdXBsb2Fkc1wvMjAyNVwvMTBcLzEzLURFVEFMTEVTLTItc2NhbGVkLmpwZyIsInNsaWRlc2hvdyI6IjgxOWMxYzgifQ%3D%3D\">\t\t<div class=\"elementor-carousel-image swiper-lazy\" role=\"img\" aria-label=\"\" data-background=\"https:\/\/weareland.com.ar\/wp-content\/uploads\/2025\/10\/13-DETALLES-2-scaled.jpg\">\n\n\t\t\t\t\t\t\t<div class=\"swiper-lazy-preloader\"><\/div>\n\t\t\t\n\t\t\t\t\t<\/div>\n\t\t\t\t\t<div class=\"elementor-carousel-image-overlay e-overlay-animation-fade\">\n\t\t\t\t\t\t\t<\/div>\n\t\t\t<\/a>\t\t\t\t\t\t<\/div>\n\t\t\t\t\t\t\t\t\t\t\t<div class=\"swiper-slide\" role=\"group\" aria-roledescription=\"slide\">\n\t\t\t\t\t\t\t<a href=\"https:\/\/weareland.com.ar\/wp-content\/uploads\/2025\/10\/14-detalles-scaled.jpg\" data-elementor-open-lightbox=\"yes\" data-elementor-lightbox-slideshow=\"819c1c8\" data-e-action-hash=\"#elementor-action%3Aaction%3Dlightbox%26settings%3DeyJpZCI6NjQ3LCJ1cmwiOiJodHRwczpcL1wvd2VhcmVsYW5kLmNvbS5hclwvd3AtY29udGVudFwvdXBsb2Fkc1wvMjAyNVwvMTBcLzE0LWRldGFsbGVzLXNjYWxlZC5qcGciLCJzbGlkZXNob3ciOiI4MTljMWM4In0%3D\">\t\t<div class=\"elementor-carousel-image swiper-lazy\" role=\"img\" aria-label=\"\" data-background=\"https:\/\/weareland.com.ar\/wp-content\/uploads\/2025\/10\/14-detalles-scaled.jpg\">\n\n\t\t\t\t\t\t\t<div class=\"swiper-lazy-preloader\"><\/div>\n\t\t\t\n\t\t\t\t\t<\/div>\n\t\t\t\t\t<div class=\"elementor-carousel-image-overlay e-overlay-animation-fade\">\n\t\t\t\t\t\t\t<\/div>\n\t\t\t<\/a>\t\t\t\t\t\t<\/div>\n\t\t\t\t\t\t\t\t\t\t\t<div class=\"swiper-slide\" role=\"group\" aria-roledescription=\"slide\">\n\t\t\t\t\t\t\t<a href=\"https:\/\/weareland.com.ar\/wp-content\/uploads\/2025\/10\/15-DET-BERGER-CUERO.jpg\" data-elementor-open-lightbox=\"yes\" data-elementor-lightbox-slideshow=\"819c1c8\" data-e-action-hash=\"#elementor-action%3Aaction%3Dlightbox%26settings%3DeyJpZCI6NjQ4LCJ1cmwiOiJodHRwczpcL1wvd2VhcmVsYW5kLmNvbS5hclwvd3AtY29udGVudFwvdXBsb2Fkc1wvMjAyNVwvMTBcLzE1LURFVC1CRVJHRVItQ1VFUk8uanBnIiwic2xpZGVzaG93IjoiODE5YzFjOCJ9\">\t\t<div class=\"elementor-carousel-image swiper-lazy\" role=\"img\" aria-label=\"\" data-background=\"https:\/\/weareland.com.ar\/wp-content\/uploads\/2025\/10\/15-DET-BERGER-CUERO.jpg\">\n\n\t\t\t\t\t\t\t<div class=\"swiper-lazy-preloader\"><\/div>\n\t\t\t\n\t\t\t\t\t<\/div>\n\t\t\t\t\t<div class=\"elementor-carousel-image-overlay e-overlay-animation-fade\">\n\t\t\t\t\t\t\t<\/div>\n\t\t\t<\/a>\t\t\t\t\t\t<\/div>\n\t\t\t\t\t\t\t\t\t\t\t<div class=\"swiper-slide\" role=\"group\" aria-roledescription=\"slide\">\n\t\t\t\t\t\t\t<a href=\"https:\/\/weareland.com.ar\/wp-content\/uploads\/2025\/10\/16-REJA-ALUMINIO-11-DETALLES-TIFFANYS.jpg\" data-elementor-open-lightbox=\"yes\" data-elementor-lightbox-slideshow=\"819c1c8\" data-e-action-hash=\"#elementor-action%3Aaction%3Dlightbox%26settings%3DeyJpZCI6NjQ5LCJ1cmwiOiJodHRwczpcL1wvd2VhcmVsYW5kLmNvbS5hclwvd3AtY29udGVudFwvdXBsb2Fkc1wvMjAyNVwvMTBcLzE2LVJFSkEtQUxVTUlOSU8tMTEtREVUQUxMRVMtVElGRkFOWVMuanBnIiwic2xpZGVzaG93IjoiODE5YzFjOCJ9\">\t\t<div class=\"elementor-carousel-image swiper-lazy\" role=\"img\" aria-label=\"\" data-background=\"https:\/\/weareland.com.ar\/wp-content\/uploads\/2025\/10\/16-REJA-ALUMINIO-11-DETALLES-TIFFANYS.jpg\">\n\n\t\t\t\t\t\t\t<div class=\"swiper-lazy-preloader\"><\/div>\n\t\t\t\n\t\t\t\t\t<\/div>\n\t\t\t\t\t<div class=\"elementor-carousel-image-overlay e-overlay-animation-fade\">\n\t\t\t\t\t\t\t<\/div>\n\t\t\t<\/a>\t\t\t\t\t\t<\/div>\n\t\t\t\t\t\t\t\t\t<\/div>\n\t\t\t\t\t\t\t\t\t\t\t\t\t\t\t\t\t\t\t\t\t<\/div>\n\t\t\t\t<\/div>\n\t\t\t\t\t\t\t\t<\/div>\n\t\t\t\t<\/div>\n\t\t\t\t<\/div>\n\t\t\t\t<\/div>\n\t\t<div class=\"elementor-element elementor-element-ec55719 e-flex e-con-boxed e-con e-parent\" data-id=\"ec55719\" data-element_type=\"container\">\n\t\t\t\t\t<div class=\"e-con-inner\">\n\t\t<div class=\"elementor-element elementor-element-50c0f28 e-con-full e-flex e-con e-child\" data-id=\"50c0f28\" data-element_type=\"container\">\n\t\t<div class=\"elementor-element elementor-element-99fece6 e-con-full e-flex e-con e-child\" data-id=\"99fece6\" data-element_type=\"container\">\n\t\t<div class=\"elementor-element elementor-element-8ad2f48 e-con-full e-flex e-con e-child\" data-id=\"8ad2f48\" data-element_type=\"container\">\n\t\t<div class=\"elementor-element elementor-element-f0b40fc e-con-full e-flex e-con e-child\" data-id=\"f0b40fc\" data-element_type=\"container\">\n\t\t\t\t<div class=\"elementor-element elementor-element-706d841 elementor-widget elementor-widget-heading\" data-id=\"706d841\" data-element_type=\"widget\" data-widget_type=\"heading.default\">\n\t\t\t\t<div class=\"elementor-widget-container\">\n\t\t\t\t\t<h2 class=\"elementor-heading-title elementor-size-default\">D E T A L  L E S<\/h2>\t\t\t\t<\/div>\n\t\t\t\t<\/div>\n\t\t\t\t<\/div>\n\t\t<div class=\"elementor-element elementor-element-09002d1 e-con-full e-flex e-con e-child\" data-id=\"09002d1\" data-element_type=\"container\">\n\t\t\t\t<div class=\"elementor-element elementor-element-61df183 elementor-widget elementor-widget-text-editor\" data-id=\"61df183\" data-element_type=\"widget\" data-widget_type=\"text-editor.default\">\n\t\t\t\t<div class=\"elementor-widget-container\">\n\t\t\t\t\t\t\t\t\t<p>La arquitectura debe fundirse con el dise\u00f1o interior y el entorno uno de los nexos son los detalles arquitect\u00f3nicos interiores y exteriores. El cuidadoso dise\u00f1o de cada detalle constructivo brinda un efecto est\u00e9tico y emocional. El estilo surge del accionar conjunto de todos estos detalles.<\/p>\t\t\t\t\t\t\t\t<\/div>\n\t\t\t\t<\/div>\n\t\t\t\t<\/div>\n\t\t\t\t<\/div>\n\t\t\t\t<\/div>\n\t\t\t\t<\/div>\n\t\t\t\t\t<\/div>\n\t\t\t\t<\/div>\n\t\t\t\t<\/div>\n\t\t","protected":false},"excerpt":{"rendered":"<p>D E T A L L E S La arquitectura debe fundirse con el dise\u00f1o interior y el entorno uno de los nexos son los detalles arquitect\u00f3nicos interiores y exteriores. El cuidadoso dise\u00f1o de cada detalle constructivo brinda un efecto est\u00e9tico y emocional. El estilo surge del accionar conjunto de todos estos detalles.<\/p>\n","protected":false},"author":1,"featured_media":0,"parent":0,"menu_order":0,"comment_status":"closed","ping_status":"closed","template":"page-templates\/template-pagebuilder-full-width.php","meta":{"neve_meta_sidebar":"","neve_meta_container":"","neve_meta_enable_content_width":"","neve_meta_content_width":0,"neve_meta_title_alignment":"","neve_meta_author_avatar":"","neve_post_elements_order":"","neve_meta_disable_header":"","neve_meta_disable_footer":"","neve_meta_disable_title":"","neve_meta_reading_time":"","footnotes":""},"class_list":["post-63","page","type-page","status-publish","hentry"],"_links":{"self":[{"href":"https:\/\/weareland.com.ar\/index.php\/wp-json\/wp\/v2\/pages\/63","targetHints":{"allow":["GET"]}}],"collection":[{"href":"https:\/\/weareland.com.ar\/index.php\/wp-json\/wp\/v2\/pages"}],"about":[{"href":"https:\/\/weareland.com.ar\/index.php\/wp-json\/wp\/v2\/types\/page"}],"author":[{"embeddable":true,"href":"https:\/\/weareland.com.ar\/index.php\/wp-json\/wp\/v2\/users\/1"}],"replies":[{"embeddable":true,"href":"https:\/\/weareland.com.ar\/index.php\/wp-json\/wp\/v2\/comments?post=63"}],"version-history":[{"count":19,"href":"https:\/\/weareland.com.ar\/index.php\/wp-json\/wp\/v2\/pages\/63\/revisions"}],"predecessor-version":[{"id":759,"href":"https:\/\/weareland.com.ar\/index.php\/wp-json\/wp\/v2\/pages\/63\/revisions\/759"}],"wp:attachment":[{"href":"https:\/\/weareland.com.ar\/index.php\/wp-json\/wp\/v2\/media?parent=63"}],"curies":[{"name":"wp","href":"https:\/\/api.w.org\/{rel}","templated":true}]}}