{"id":61,"date":"2025-06-18T17:32:07","date_gmt":"2025-06-18T20:32:07","guid":{"rendered":"https:\/\/weareland.com.ar\/?page_id=61"},"modified":"2026-02-09T17:32:28","modified_gmt":"2026-02-09T20:32:28","slug":"desarrollos","status":"publish","type":"page","link":"https:\/\/weareland.com.ar\/index.php\/desarrollos\/","title":{"rendered":"Desarrollos"},"content":{"rendered":"\t\t<div data-elementor-type=\"wp-page\" data-elementor-id=\"61\" class=\"elementor elementor-61\" data-elementor-post-type=\"page\">\n\t\t\t\t<div class=\"elementor-element elementor-element-2711d27 e-flex e-con-boxed e-con e-parent\" data-id=\"2711d27\" data-element_type=\"container\">\n\t\t\t\t\t<div class=\"e-con-inner\">\n\t\t<div class=\"elementor-element elementor-element-b68d226 e-con-full e-flex e-con e-child\" data-id=\"b68d226\" data-element_type=\"container\">\n\t\t<div class=\"elementor-element elementor-element-c9d9e9b e-con-full e-flex e-con e-child\" data-id=\"c9d9e9b\" data-element_type=\"container\">\n\t\t\t\t<div class=\"elementor-element elementor-element-f1b32b1 elementor-widget elementor-widget-heading\" data-id=\"f1b32b1\" data-element_type=\"widget\" data-widget_type=\"heading.default\">\n\t\t\t\t<div class=\"elementor-widget-container\">\n\t\t\t\t\t<h2 class=\"elementor-heading-title elementor-size-default\">D E S A R R O L L O S<\/h2>\t\t\t\t<\/div>\n\t\t\t\t<\/div>\n\t\t\t\t<\/div>\n\t\t<div class=\"elementor-element elementor-element-7368a09 e-con-full e-flex e-con e-child\" data-id=\"7368a09\" data-element_type=\"container\">\n\t\t\t\t<div class=\"elementor-element elementor-element-190bc13 elementor-widget elementor-widget-text-editor\" data-id=\"190bc13\" data-element_type=\"widget\" data-widget_type=\"text-editor.default\">\n\t\t\t\t<div class=\"elementor-widget-container\">\n\t\t\t\t\t\t\t\t\t<p>Como desarrolladora inmobiliaria hemos dise\u00f1ado y construido cada edificio enfoc\u00e1ndonos en elevar la experiencia de la vida diaria.<br \/>Creamos valor y belleza mediante una arquitectura de car\u00e1cter distintivos con calidad y detalles de otra \u00e9poca.<br \/>As\u00ed, LAND WORKS logra una experiencia m\u00e1s personal e \u00edntima y contrarresta la estandarizaci\u00f3n del dise\u00f1o arquitect\u00f3nico y del mercado inmobiliario actual.<br \/>La singularidad de nuestras propuestas, su escala y la escasez de productos de este tipo en el mercado actual, garantizan el mantenimiento del valor de la inversi\u00f3n y su rentabilidad.<br \/>Nos motiva la valoraci\u00f3n de tu intimidad y la b\u00fasqueda de la esencia del buen vivir.<\/p>\t\t\t\t\t\t\t\t<\/div>\n\t\t\t\t<\/div>\n\t\t\t\t<\/div>\n\t\t\t\t<\/div>\n\t\t\t\t\t<\/div>\n\t\t\t\t<\/div>\n\t\t<div class=\"elementor-element elementor-element-1cedad5 e-grid e-con-full e-transform e-con e-parent\" data-id=\"1cedad5\" data-element_type=\"container\" data-settings=\"{&quot;_transform_scaleX_effect&quot;:{&quot;unit&quot;:&quot;px&quot;,&quot;size&quot;:&quot;&quot;,&quot;sizes&quot;:[]},&quot;_transform_scaleX_effect_tablet&quot;:{&quot;unit&quot;:&quot;px&quot;,&quot;size&quot;:&quot;&quot;,&quot;sizes&quot;:[]},&quot;_transform_scaleX_effect_mobile&quot;:{&quot;unit&quot;:&quot;px&quot;,&quot;size&quot;:&quot;&quot;,&quot;sizes&quot;:[]},&quot;_transform_scaleY_effect&quot;:{&quot;unit&quot;:&quot;px&quot;,&quot;size&quot;:&quot;&quot;,&quot;sizes&quot;:[]},&quot;_transform_scaleY_effect_tablet&quot;:{&quot;unit&quot;:&quot;px&quot;,&quot;size&quot;:&quot;&quot;,&quot;sizes&quot;:[]},&quot;_transform_scaleY_effect_mobile&quot;:{&quot;unit&quot;:&quot;px&quot;,&quot;size&quot;:&quot;&quot;,&quot;sizes&quot;:[]}}\">\n\t\t\t\t<div class=\"elementor-element elementor-element-7ee2056 elementor-widget elementor-widget-image\" data-id=\"7ee2056\" data-element_type=\"widget\" data-widget_type=\"image.default\">\n\t\t\t\t<div class=\"elementor-widget-container\">\n\t\t\t\t\t\t\t\t\t\t\t\t<figure class=\"wp-caption\">\n\t\t\t\t\t\t\t\t\t\t\t<a href=\"https:\/\/weareland.com.ar\/index.php\/chicago1\/\">\n\t\t\t\t\t\t\t<img fetchpriority=\"high\" decoding=\"async\" width=\"930\" height=\"620\" src=\"https:\/\/weareland.com.ar\/wp-content\/uploads\/2025\/06\/2-Ch-1_DESARROLLOS-930x620.jpg\" class=\"attachment-neve-blog size-neve-blog wp-image-119\" alt=\"\" \/>\t\t\t\t\t\t\t\t<\/a>\n\t\t\t\t\t\t\t\t\t\t\t<figcaption class=\"widget-image-caption wp-caption-text\">Chicago I . Fitz Roy 1447 . Palermo Hollywood <\/figcaption>\n\t\t\t\t\t\t\t\t\t\t<\/figure>\n\t\t\t\t\t\t\t\t\t<\/div>\n\t\t\t\t<\/div>\n\t\t\t\t<div class=\"elementor-element elementor-element-8f1b79f elementor-widget elementor-widget-image\" data-id=\"8f1b79f\" data-element_type=\"widget\" data-widget_type=\"image.default\">\n\t\t\t\t<div class=\"elementor-widget-container\">\n\t\t\t\t\t\t\t\t\t\t\t\t<figure class=\"wp-caption\">\n\t\t\t\t\t\t\t\t\t\t\t<a href=\"https:\/\/weareland.com.ar\/index.php\/chicago2\">\n\t\t\t\t\t\t\t<img decoding=\"async\" width=\"930\" height=\"620\" src=\"https:\/\/weareland.com.ar\/wp-content\/uploads\/2026\/02\/CHICAGO_2_portada-1-930x620.jpg\" class=\"attachment-neve-blog size-neve-blog wp-image-789\" alt=\"\" \/>\t\t\t\t\t\t\t\t<\/a>\n\t\t\t\t\t\t\t\t\t\t\t<figcaption class=\"widget-image-caption wp-caption-text\">Chicago II. Oro y Paraguay . Palermo Hollywood<\/figcaption>\n\t\t\t\t\t\t\t\t\t\t<\/figure>\n\t\t\t\t\t\t\t\t\t<\/div>\n\t\t\t\t<\/div>\n\t\t\t\t<div class=\"elementor-element elementor-element-16bf307 elementor-widget elementor-widget-image\" data-id=\"16bf307\" data-element_type=\"widget\" data-widget_type=\"image.default\">\n\t\t\t\t<div class=\"elementor-widget-container\">\n\t\t\t\t\t\t\t\t\t\t\t\t<figure class=\"wp-caption\">\n\t\t\t\t\t\t\t\t\t\t\t<a href=\"https:\/\/weareland.com.ar\/index.php\/olivosplaza\">\n\t\t\t\t\t\t\t<img decoding=\"async\" width=\"930\" height=\"620\" src=\"https:\/\/weareland.com.ar\/wp-content\/uploads\/2025\/06\/3-OLIVOS-PLAZA-DESARROLLOS-930x620.jpg\" class=\"attachment-neve-blog size-neve-blog wp-image-122\" alt=\"\" \/>\t\t\t\t\t\t\t\t<\/a>\n\t\t\t\t\t\t\t\t\t\t\t<figcaption class=\"widget-image-caption wp-caption-text\">Olivos Plaza . Olivos . Buenos Aires<\/figcaption>\n\t\t\t\t\t\t\t\t\t\t<\/figure>\n\t\t\t\t\t\t\t\t\t<\/div>\n\t\t\t\t<\/div>\n\t\t\t\t<div class=\"elementor-element elementor-element-26c6b00 elementor-widget elementor-widget-image\" data-id=\"26c6b00\" data-element_type=\"widget\" data-widget_type=\"image.default\">\n\t\t\t\t<div class=\"elementor-widget-container\">\n\t\t\t\t\t\t\t\t\t\t\t\t<figure class=\"wp-caption\">\n\t\t\t\t\t\t\t\t\t\t\t<a href=\"https:\/\/weareland.com.ar\/index.php\/gotham\">\n\t\t\t\t\t\t\t<img loading=\"lazy\" decoding=\"async\" width=\"930\" height=\"620\" src=\"https:\/\/weareland.com.ar\/wp-content\/uploads\/2025\/06\/2-Gotham-desarrollos-930x620.jpg\" class=\"attachment-neve-blog size-neve-blog wp-image-123\" alt=\"\" \/>\t\t\t\t\t\t\t\t<\/a>\n\t\t\t\t\t\t\t\t\t\t\t<figcaption class=\"widget-image-caption wp-caption-text\">Gotham Working Place . Humboldt 1456 . Palermo Hollywood<\/figcaption>\n\t\t\t\t\t\t\t\t\t\t<\/figure>\n\t\t\t\t\t\t\t\t\t<\/div>\n\t\t\t\t<\/div>\n\t\t\t\t<div class=\"elementor-element elementor-element-b2931b6 elementor-widget elementor-widget-image\" data-id=\"b2931b6\" data-element_type=\"widget\" data-widget_type=\"image.default\">\n\t\t\t\t<div class=\"elementor-widget-container\">\n\t\t\t\t\t\t\t\t\t\t\t\t<figure class=\"wp-caption\">\n\t\t\t\t\t\t\t\t\t\t\t<a href=\"https:\/\/weareland.com.ar\/index.php\/nobhill\/\">\n\t\t\t\t\t\t\t<img loading=\"lazy\" decoding=\"async\" width=\"930\" height=\"620\" src=\"https:\/\/weareland.com.ar\/wp-content\/uploads\/2025\/06\/5-NH-desarrollos-930x620.jpg\" class=\"attachment-neve-blog size-neve-blog wp-image-124\" alt=\"\" \/>\t\t\t\t\t\t\t\t<\/a>\n\t\t\t\t\t\t\t\t\t\t\t<figcaption class=\"widget-image-caption wp-caption-text\">Nob Hill . Fitz Roy 1470 . Palermo Hollywood<\/figcaption>\n\t\t\t\t\t\t\t\t\t\t<\/figure>\n\t\t\t\t\t\t\t\t\t<\/div>\n\t\t\t\t<\/div>\n\t\t\t\t<div class=\"elementor-element elementor-element-8fdde55 elementor-widget elementor-widget-image\" data-id=\"8fdde55\" data-element_type=\"widget\" data-widget_type=\"image.default\">\n\t\t\t\t<div class=\"elementor-widget-container\">\n\t\t\t\t\t\t\t\t\t\t\t\t<figure class=\"wp-caption\">\n\t\t\t\t\t\t\t\t\t\t\t<a href=\"https:\/\/weareland.com.ar\/index.php\/taylor\">\n\t\t\t\t\t\t\t<img loading=\"lazy\" decoding=\"async\" width=\"930\" height=\"620\" src=\"https:\/\/weareland.com.ar\/wp-content\/uploads\/2025\/06\/1-tailor-made-930x620.png\" class=\"attachment-neve-blog size-neve-blog wp-image-125\" alt=\"\" \/>\t\t\t\t\t\t\t\t<\/a>\n\t\t\t\t\t\t\t\t\t\t\t<figcaption class=\"widget-image-caption wp-caption-text\">Taylor Made<\/figcaption>\n\t\t\t\t\t\t\t\t\t\t<\/figure>\n\t\t\t\t\t\t\t\t\t<\/div>\n\t\t\t\t<\/div>\n\t\t\t\t<\/div>\n\t\t<div class=\"elementor-element elementor-element-46cd037 e-flex e-con-boxed e-con e-parent\" data-id=\"46cd037\" data-element_type=\"container\">\n\t\t\t\t\t<div class=\"e-con-inner\">\n\t\t<div class=\"elementor-element elementor-element-8e2909e e-con-full e-flex e-con e-child\" data-id=\"8e2909e\" data-element_type=\"container\">\n\t\t\t\t<div class=\"elementor-element elementor-element-5ee3e9d elementor-widget elementor-widget-spacer\" data-id=\"5ee3e9d\" data-element_type=\"widget\" data-widget_type=\"spacer.default\">\n\t\t\t\t<div class=\"elementor-widget-container\">\n\t\t\t\t\t\t\t<div class=\"elementor-spacer\">\n\t\t\t<div class=\"elementor-spacer-inner\"><\/div>\n\t\t<\/div>\n\t\t\t\t\t\t<\/div>\n\t\t\t\t<\/div>\n\t\t\t\t<\/div>\n\t\t\t\t\t<\/div>\n\t\t\t\t<\/div>\n\t\t\t\t<\/div>\n\t\t","protected":false},"excerpt":{"rendered":"<p>D E S A R R O L L O S Como desarrolladora inmobiliaria hemos dise\u00f1ado y construido cada edificio enfoc\u00e1ndonos en elevar la experiencia de la vida diaria.Creamos valor y belleza mediante una arquitectura de car\u00e1cter distintivos con calidad y detalles de otra \u00e9poca.As\u00ed, LAND WORKS logra una experiencia m\u00e1s personal e \u00edntima y&hellip;&nbsp;<a href=\"https:\/\/weareland.com.ar\/index.php\/desarrollos\/\" rel=\"bookmark\"><span class=\"screen-reader-text\">Desarrollos<\/span><\/a><\/p>\n","protected":false},"author":1,"featured_media":0,"parent":0,"menu_order":0,"comment_status":"closed","ping_status":"closed","template":"page-templates\/template-pagebuilder-full-width.php","meta":{"neve_meta_sidebar":"","neve_meta_container":"","neve_meta_enable_content_width":"","neve_meta_content_width":0,"neve_meta_title_alignment":"","neve_meta_author_avatar":"","neve_post_elements_order":"","neve_meta_disable_header":"","neve_meta_disable_footer":"","neve_meta_disable_title":"","neve_meta_reading_time":"","footnotes":""},"class_list":["post-61","page","type-page","status-publish","hentry"],"_links":{"self":[{"href":"https:\/\/weareland.com.ar\/index.php\/wp-json\/wp\/v2\/pages\/61","targetHints":{"allow":["GET"]}}],"collection":[{"href":"https:\/\/weareland.com.ar\/index.php\/wp-json\/wp\/v2\/pages"}],"about":[{"href":"https:\/\/weareland.com.ar\/index.php\/wp-json\/wp\/v2\/types\/page"}],"author":[{"embeddable":true,"href":"https:\/\/weareland.com.ar\/index.php\/wp-json\/wp\/v2\/users\/1"}],"replies":[{"embeddable":true,"href":"https:\/\/weareland.com.ar\/index.php\/wp-json\/wp\/v2\/comments?post=61"}],"version-history":[{"count":46,"href":"https:\/\/weareland.com.ar\/index.php\/wp-json\/wp\/v2\/pages\/61\/revisions"}],"predecessor-version":[{"id":792,"href":"https:\/\/weareland.com.ar\/index.php\/wp-json\/wp\/v2\/pages\/61\/revisions\/792"}],"wp:attachment":[{"href":"https:\/\/weareland.com.ar\/index.php\/wp-json\/wp\/v2\/media?parent=61"}],"curies":[{"name":"wp","href":"https:\/\/api.w.org\/{rel}","templated":true}]}}