{"id":304,"date":"2025-06-25T17:04:04","date_gmt":"2025-06-25T20:04:04","guid":{"rendered":"https:\/\/weareland.com.ar\/?page_id=304"},"modified":"2025-10-24T16:57:29","modified_gmt":"2025-10-24T19:57:29","slug":"nobhill","status":"publish","type":"page","link":"https:\/\/weareland.com.ar\/index.php\/nobhill\/","title":{"rendered":""},"content":{"rendered":"\t\t<div data-elementor-type=\"wp-page\" data-elementor-id=\"304\" class=\"elementor elementor-304\" data-elementor-post-type=\"page\">\n\t\t\t\t<div class=\"elementor-element elementor-element-52cf52e e-flex e-con-boxed e-con e-parent\" data-id=\"52cf52e\" data-element_type=\"container\">\n\t\t\t\t\t<div class=\"e-con-inner\">\n\t\t\t\t<div class=\"elementor-element elementor-element-36e4d93 elementor-widget elementor-widget-spacer\" data-id=\"36e4d93\" data-element_type=\"widget\" data-widget_type=\"spacer.default\">\n\t\t\t\t<div class=\"elementor-widget-container\">\n\t\t\t\t\t\t\t<div class=\"elementor-spacer\">\n\t\t\t<div class=\"elementor-spacer-inner\"><\/div>\n\t\t<\/div>\n\t\t\t\t\t\t<\/div>\n\t\t\t\t<\/div>\n\t\t\t\t\t<\/div>\n\t\t\t\t<\/div>\n\t\t<div class=\"elementor-element elementor-element-6bff5d9 e-flex e-con-boxed e-con e-parent\" data-id=\"6bff5d9\" data-element_type=\"container\">\n\t\t\t\t\t<div class=\"e-con-inner\">\n\t\t\t\t<div class=\"elementor-element elementor-element-ba89857 elementor-widget elementor-widget-heading\" data-id=\"ba89857\" data-element_type=\"widget\" data-widget_type=\"heading.default\">\n\t\t\t\t<div class=\"elementor-widget-container\">\n\t\t\t\t\t<h2 class=\"elementor-heading-title elementor-size-default\">Nob Hill . Fitz Roy 1470 . Palermo Hollywood (Construido)<\/h2>\t\t\t\t<\/div>\n\t\t\t\t<\/div>\n\t\t\t\t\t<\/div>\n\t\t\t\t<\/div>\n\t\t<div class=\"elementor-element elementor-element-7d033f6 e-flex e-con-boxed e-con e-parent\" data-id=\"7d033f6\" data-element_type=\"container\">\n\t\t\t\t\t<div class=\"e-con-inner\">\n\t\t\t\t<div class=\"elementor-element elementor-element-6a953c8 elementor-widget elementor-widget-text-editor\" data-id=\"6a953c8\" data-element_type=\"widget\" data-widget_type=\"text-editor.default\">\n\t\t\t\t<div class=\"elementor-widget-container\">\n\t\t\t\t\t\t\t\t\t<p>LANDWORKS DESARROLLO INMOBILIARIO + PROYECTO ARQUITECTONICO + DIRECCION + CONSTRUCCION<\/p><p>Emplazado en el coraz\u00f3n de Palermo Hollywood.\u00a0 El edificio cuenta con una est\u00e9tica atemporal. La entrada est\u00e1 jerarquizada por una marquesina de hierro abulonado.\u00a0 En las fachadas hay una expresiva combinaci\u00f3n de ladrillos, molduras de hormig\u00f3n armado, grandes carpinter\u00edas de doble altura de hierro, vidrio y madera. Propone detalles de calidad en las barandas, puertas, luminarias art dec\u00f3, muebles y escaleras. El edificio se desarrolla a lo largo de 4 niveles de doble altura. La planta baja tiene el hall de entrada con un ascensor tipo montacargas enteramente revestido en hierro, el parking y el \u00e1rea auxiliar de porter\u00eda. Los 3 primeros niveles tienen 4 lofts por planta y el \u00faltimo nivel tiene 3 lofts con amplias terrazas. En el \u00faltimo nivel se encuentran los amenities. Superficie cubierta 2000 m2.<\/p>\t\t\t\t\t\t\t\t<\/div>\n\t\t\t\t<\/div>\n\t\t\t\t\t<\/div>\n\t\t\t\t<\/div>\n\t\t<div class=\"elementor-element elementor-element-d5a8818 e-flex e-con-boxed e-con e-parent\" data-id=\"d5a8818\" data-element_type=\"container\">\n\t\t\t\t\t<div class=\"e-con-inner\">\n\t\t\t\t<div class=\"elementor-element elementor-element-fab8717 elementor-widget elementor-widget-gallery\" data-id=\"fab8717\" data-element_type=\"widget\" data-settings=\"{&quot;columns&quot;:3,&quot;aspect_ratio&quot;:&quot;1:1&quot;,&quot;lazyload&quot;:&quot;yes&quot;,&quot;gallery_layout&quot;:&quot;grid&quot;,&quot;columns_tablet&quot;:2,&quot;columns_mobile&quot;:1,&quot;gap&quot;:{&quot;unit&quot;:&quot;px&quot;,&quot;size&quot;:10,&quot;sizes&quot;:[]},&quot;gap_tablet&quot;:{&quot;unit&quot;:&quot;px&quot;,&quot;size&quot;:10,&quot;sizes&quot;:[]},&quot;gap_mobile&quot;:{&quot;unit&quot;:&quot;px&quot;,&quot;size&quot;:10,&quot;sizes&quot;:[]},&quot;link_to&quot;:&quot;file&quot;,&quot;overlay_background&quot;:&quot;yes&quot;,&quot;content_hover_animation&quot;:&quot;fade-in&quot;}\" data-widget_type=\"gallery.default\">\n\t\t\t\t<div class=\"elementor-widget-container\">\n\t\t\t\t\t\t\t<div class=\"elementor-gallery__container\">\n\t\t\t\t\t\t\t<a class=\"e-gallery-item elementor-gallery-item elementor-animated-content\" href=\"https:\/\/weareland.com.ar\/wp-content\/uploads\/2025\/06\/1-NH-desarrollos-scaled.jpg\" data-elementor-open-lightbox=\"yes\" data-elementor-lightbox-slideshow=\"fab8717\" data-e-action-hash=\"#elementor-action%3Aaction%3Dlightbox%26settings%3DeyJpZCI6MzEwLCJ1cmwiOiJodHRwczpcL1wvd2VhcmVsYW5kLmNvbS5hclwvd3AtY29udGVudFwvdXBsb2Fkc1wvMjAyNVwvMDZcLzEtTkgtZGVzYXJyb2xsb3Mtc2NhbGVkLmpwZyIsInNsaWRlc2hvdyI6ImZhYjg3MTcifQ%3D%3D\">\n\t\t\t\t\t<div class=\"e-gallery-image elementor-gallery-item__image\" data-thumbnail=\"https:\/\/weareland.com.ar\/wp-content\/uploads\/2025\/06\/1-NH-desarrollos-509x1024.jpg\" data-width=\"509\" data-height=\"1024\" aria-label=\"\" role=\"img\" ><\/div>\n\t\t\t\t\t\t\t\t\t\t\t<div class=\"elementor-gallery-item__overlay\"><\/div>\n\t\t\t\t\t\t\t\t\t\t\t\t\t\t<\/a>\n\t\t\t\t\t\t\t<a class=\"e-gallery-item elementor-gallery-item elementor-animated-content\" href=\"https:\/\/weareland.com.ar\/wp-content\/uploads\/2025\/06\/2-Nob-Hill-desarrollos-scaled.jpeg\" data-elementor-open-lightbox=\"yes\" data-elementor-lightbox-slideshow=\"fab8717\" data-e-action-hash=\"#elementor-action%3Aaction%3Dlightbox%26settings%3DeyJpZCI6MzExLCJ1cmwiOiJodHRwczpcL1wvd2VhcmVsYW5kLmNvbS5hclwvd3AtY29udGVudFwvdXBsb2Fkc1wvMjAyNVwvMDZcLzItTm9iLUhpbGwtZGVzYXJyb2xsb3Mtc2NhbGVkLmpwZWciLCJzbGlkZXNob3ciOiJmYWI4NzE3In0%3D\">\n\t\t\t\t\t<div class=\"e-gallery-image elementor-gallery-item__image\" data-thumbnail=\"https:\/\/weareland.com.ar\/wp-content\/uploads\/2025\/06\/2-Nob-Hill-desarrollos-768x1024.jpeg\" data-width=\"768\" data-height=\"1024\" aria-label=\"\" role=\"img\" ><\/div>\n\t\t\t\t\t\t\t\t\t\t\t<div class=\"elementor-gallery-item__overlay\"><\/div>\n\t\t\t\t\t\t\t\t\t\t\t\t\t\t<\/a>\n\t\t\t\t\t\t\t<a class=\"e-gallery-item elementor-gallery-item elementor-animated-content\" href=\"https:\/\/weareland.com.ar\/wp-content\/uploads\/2025\/06\/3-NOB-HILL-desarrollos-INT_FINAL-scaled.jpg\" data-elementor-open-lightbox=\"yes\" data-elementor-lightbox-slideshow=\"fab8717\" data-e-action-hash=\"#elementor-action%3Aaction%3Dlightbox%26settings%3DeyJpZCI6MzEyLCJ1cmwiOiJodHRwczpcL1wvd2VhcmVsYW5kLmNvbS5hclwvd3AtY29udGVudFwvdXBsb2Fkc1wvMjAyNVwvMDZcLzMtTk9CLUhJTEwtZGVzYXJyb2xsb3MtSU5UX0ZJTkFMLXNjYWxlZC5qcGciLCJzbGlkZXNob3ciOiJmYWI4NzE3In0%3D\">\n\t\t\t\t\t<div class=\"e-gallery-image elementor-gallery-item__image\" data-thumbnail=\"https:\/\/weareland.com.ar\/wp-content\/uploads\/2025\/06\/3-NOB-HILL-desarrollos-INT_FINAL-1024x1024.jpg\" data-width=\"1024\" data-height=\"1024\" aria-label=\"\" role=\"img\" ><\/div>\n\t\t\t\t\t\t\t\t\t\t\t<div class=\"elementor-gallery-item__overlay\"><\/div>\n\t\t\t\t\t\t\t\t\t\t\t\t\t\t<\/a>\n\t\t\t\t\t\t\t<a class=\"e-gallery-item elementor-gallery-item elementor-animated-content\" href=\"https:\/\/weareland.com.ar\/wp-content\/uploads\/2025\/06\/4-Nob-Hill-desarrollos-scaled.jpg\" data-elementor-open-lightbox=\"yes\" data-elementor-lightbox-slideshow=\"fab8717\" data-e-action-hash=\"#elementor-action%3Aaction%3Dlightbox%26settings%3DeyJpZCI6MzE0LCJ1cmwiOiJodHRwczpcL1wvd2VhcmVsYW5kLmNvbS5hclwvd3AtY29udGVudFwvdXBsb2Fkc1wvMjAyNVwvMDZcLzQtTm9iLUhpbGwtZGVzYXJyb2xsb3Mtc2NhbGVkLmpwZyIsInNsaWRlc2hvdyI6ImZhYjg3MTcifQ%3D%3D\">\n\t\t\t\t\t<div class=\"e-gallery-image elementor-gallery-item__image\" data-thumbnail=\"https:\/\/weareland.com.ar\/wp-content\/uploads\/2025\/06\/4-Nob-Hill-desarrollos-683x1024.jpg\" data-width=\"683\" data-height=\"1024\" aria-label=\"\" role=\"img\" ><\/div>\n\t\t\t\t\t\t\t\t\t\t\t<div class=\"elementor-gallery-item__overlay\"><\/div>\n\t\t\t\t\t\t\t\t\t\t\t\t\t\t<\/a>\n\t\t\t\t\t\t\t<a class=\"e-gallery-item elementor-gallery-item elementor-animated-content\" href=\"https:\/\/weareland.com.ar\/wp-content\/uploads\/2025\/06\/5-NH-desarrollos-1-scaled.jpg\" data-elementor-open-lightbox=\"yes\" data-elementor-lightbox-slideshow=\"fab8717\" data-e-action-hash=\"#elementor-action%3Aaction%3Dlightbox%26settings%3DeyJpZCI6MzE1LCJ1cmwiOiJodHRwczpcL1wvd2VhcmVsYW5kLmNvbS5hclwvd3AtY29udGVudFwvdXBsb2Fkc1wvMjAyNVwvMDZcLzUtTkgtZGVzYXJyb2xsb3MtMS1zY2FsZWQuanBnIiwic2xpZGVzaG93IjoiZmFiODcxNyJ9\">\n\t\t\t\t\t<div class=\"e-gallery-image elementor-gallery-item__image\" data-thumbnail=\"https:\/\/weareland.com.ar\/wp-content\/uploads\/2025\/06\/5-NH-desarrollos-1-683x1024.jpg\" data-width=\"683\" data-height=\"1024\" aria-label=\"\" role=\"img\" ><\/div>\n\t\t\t\t\t\t\t\t\t\t\t<div class=\"elementor-gallery-item__overlay\"><\/div>\n\t\t\t\t\t\t\t\t\t\t\t\t\t\t<\/a>\n\t\t\t\t\t\t\t<a class=\"e-gallery-item elementor-gallery-item elementor-animated-content\" href=\"https:\/\/weareland.com.ar\/wp-content\/uploads\/2025\/06\/6-nob-hill-desarrollos-scaled.jpg\" data-elementor-open-lightbox=\"yes\" data-elementor-lightbox-slideshow=\"fab8717\" data-e-action-hash=\"#elementor-action%3Aaction%3Dlightbox%26settings%3DeyJpZCI6MzE2LCJ1cmwiOiJodHRwczpcL1wvd2VhcmVsYW5kLmNvbS5hclwvd3AtY29udGVudFwvdXBsb2Fkc1wvMjAyNVwvMDZcLzYtbm9iLWhpbGwtZGVzYXJyb2xsb3Mtc2NhbGVkLmpwZyIsInNsaWRlc2hvdyI6ImZhYjg3MTcifQ%3D%3D\">\n\t\t\t\t\t<div class=\"e-gallery-image elementor-gallery-item__image\" data-thumbnail=\"https:\/\/weareland.com.ar\/wp-content\/uploads\/2025\/06\/6-nob-hill-desarrollos-768x1024.jpg\" data-width=\"768\" data-height=\"1024\" aria-label=\"\" role=\"img\" ><\/div>\n\t\t\t\t\t\t\t\t\t\t\t<div class=\"elementor-gallery-item__overlay\"><\/div>\n\t\t\t\t\t\t\t\t\t\t\t\t\t\t<\/a>\n\t\t\t\t\t\t\t<a class=\"e-gallery-item elementor-gallery-item elementor-animated-content\" href=\"https:\/\/weareland.com.ar\/wp-content\/uploads\/2025\/06\/7-nob-hill-desarrollos-scaled.jpg\" data-elementor-open-lightbox=\"yes\" data-elementor-lightbox-slideshow=\"fab8717\" data-e-action-hash=\"#elementor-action%3Aaction%3Dlightbox%26settings%3DeyJpZCI6MzE3LCJ1cmwiOiJodHRwczpcL1wvd2VhcmVsYW5kLmNvbS5hclwvd3AtY29udGVudFwvdXBsb2Fkc1wvMjAyNVwvMDZcLzctbm9iLWhpbGwtZGVzYXJyb2xsb3Mtc2NhbGVkLmpwZyIsInNsaWRlc2hvdyI6ImZhYjg3MTcifQ%3D%3D\">\n\t\t\t\t\t<div class=\"e-gallery-image elementor-gallery-item__image\" data-thumbnail=\"https:\/\/weareland.com.ar\/wp-content\/uploads\/2025\/06\/7-nob-hill-desarrollos-768x1024.jpg\" data-width=\"768\" data-height=\"1024\" aria-label=\"\" role=\"img\" ><\/div>\n\t\t\t\t\t\t\t\t\t\t\t<div class=\"elementor-gallery-item__overlay\"><\/div>\n\t\t\t\t\t\t\t\t\t\t\t\t\t\t<\/a>\n\t\t\t\t\t\t\t<a class=\"e-gallery-item elementor-gallery-item elementor-animated-content\" href=\"https:\/\/weareland.com.ar\/wp-content\/uploads\/2025\/06\/8-NH-desarrollos-scaled.jpg\" data-elementor-open-lightbox=\"yes\" data-elementor-lightbox-slideshow=\"fab8717\" data-e-action-hash=\"#elementor-action%3Aaction%3Dlightbox%26settings%3DeyJpZCI6MzE4LCJ1cmwiOiJodHRwczpcL1wvd2VhcmVsYW5kLmNvbS5hclwvd3AtY29udGVudFwvdXBsb2Fkc1wvMjAyNVwvMDZcLzgtTkgtZGVzYXJyb2xsb3Mtc2NhbGVkLmpwZyIsInNsaWRlc2hvdyI6ImZhYjg3MTcifQ%3D%3D\">\n\t\t\t\t\t<div class=\"e-gallery-image elementor-gallery-item__image\" data-thumbnail=\"https:\/\/weareland.com.ar\/wp-content\/uploads\/2025\/06\/8-NH-desarrollos-543x1024.jpg\" data-width=\"543\" data-height=\"1024\" aria-label=\"\" role=\"img\" ><\/div>\n\t\t\t\t\t\t\t\t\t\t\t<div class=\"elementor-gallery-item__overlay\"><\/div>\n\t\t\t\t\t\t\t\t\t\t\t\t\t\t<\/a>\n\t\t\t\t\t\t\t<a class=\"e-gallery-item elementor-gallery-item elementor-animated-content\" href=\"https:\/\/weareland.com.ar\/wp-content\/uploads\/2025\/06\/9-nob-hill-desarrollos.jpg\" data-elementor-open-lightbox=\"yes\" data-elementor-lightbox-slideshow=\"fab8717\" data-e-action-hash=\"#elementor-action%3Aaction%3Dlightbox%26settings%3DeyJpZCI6MzE5LCJ1cmwiOiJodHRwczpcL1wvd2VhcmVsYW5kLmNvbS5hclwvd3AtY29udGVudFwvdXBsb2Fkc1wvMjAyNVwvMDZcLzktbm9iLWhpbGwtZGVzYXJyb2xsb3MuanBnIiwic2xpZGVzaG93IjoiZmFiODcxNyJ9\">\n\t\t\t\t\t<div class=\"e-gallery-image elementor-gallery-item__image\" data-thumbnail=\"https:\/\/weareland.com.ar\/wp-content\/uploads\/2025\/06\/9-nob-hill-desarrollos-1024x768.jpg\" data-width=\"1024\" data-height=\"768\" aria-label=\"\" role=\"img\" ><\/div>\n\t\t\t\t\t\t\t\t\t\t\t<div class=\"elementor-gallery-item__overlay\"><\/div>\n\t\t\t\t\t\t\t\t\t\t\t\t\t\t<\/a>\n\t\t\t\t\t\t\t<a class=\"e-gallery-item elementor-gallery-item elementor-animated-content\" href=\"https:\/\/weareland.com.ar\/wp-content\/uploads\/2025\/06\/10-nob-hill-desarrollos-scaled.jpg\" data-elementor-open-lightbox=\"yes\" data-elementor-lightbox-slideshow=\"fab8717\" data-e-action-hash=\"#elementor-action%3Aaction%3Dlightbox%26settings%3DeyJpZCI6MzIwLCJ1cmwiOiJodHRwczpcL1wvd2VhcmVsYW5kLmNvbS5hclwvd3AtY29udGVudFwvdXBsb2Fkc1wvMjAyNVwvMDZcLzEwLW5vYi1oaWxsLWRlc2Fycm9sbG9zLXNjYWxlZC5qcGciLCJzbGlkZXNob3ciOiJmYWI4NzE3In0%3D\">\n\t\t\t\t\t<div class=\"e-gallery-image elementor-gallery-item__image\" data-thumbnail=\"https:\/\/weareland.com.ar\/wp-content\/uploads\/2025\/06\/10-nob-hill-desarrollos-576x1024.jpg\" data-width=\"576\" data-height=\"1024\" aria-label=\"\" role=\"img\" ><\/div>\n\t\t\t\t\t\t\t\t\t\t\t<div class=\"elementor-gallery-item__overlay\"><\/div>\n\t\t\t\t\t\t\t\t\t\t\t\t\t\t<\/a>\n\t\t\t\t\t\t\t<a class=\"e-gallery-item elementor-gallery-item elementor-animated-content\" href=\"https:\/\/weareland.com.ar\/wp-content\/uploads\/2025\/06\/11-NOB-HILL-desarrollos.jpg\" data-elementor-open-lightbox=\"yes\" data-elementor-lightbox-slideshow=\"fab8717\" data-e-action-hash=\"#elementor-action%3Aaction%3Dlightbox%26settings%3DeyJpZCI6MzIxLCJ1cmwiOiJodHRwczpcL1wvd2VhcmVsYW5kLmNvbS5hclwvd3AtY29udGVudFwvdXBsb2Fkc1wvMjAyNVwvMDZcLzExLU5PQi1ISUxMLWRlc2Fycm9sbG9zLmpwZyIsInNsaWRlc2hvdyI6ImZhYjg3MTcifQ%3D%3D\">\n\t\t\t\t\t<div class=\"e-gallery-image elementor-gallery-item__image\" data-thumbnail=\"https:\/\/weareland.com.ar\/wp-content\/uploads\/2025\/06\/11-NOB-HILL-desarrollos.jpg\" data-width=\"427\" data-height=\"640\" aria-label=\"\" role=\"img\" ><\/div>\n\t\t\t\t\t\t\t\t\t\t\t<div class=\"elementor-gallery-item__overlay\"><\/div>\n\t\t\t\t\t\t\t\t\t\t\t\t\t\t<\/a>\n\t\t\t\t\t\t\t<a class=\"e-gallery-item elementor-gallery-item elementor-animated-content\" href=\"https:\/\/weareland.com.ar\/wp-content\/uploads\/2025\/06\/12-nob-hill-desarrollos.jpg\" data-elementor-open-lightbox=\"yes\" data-elementor-lightbox-slideshow=\"fab8717\" data-e-action-hash=\"#elementor-action%3Aaction%3Dlightbox%26settings%3DeyJpZCI6MzIyLCJ1cmwiOiJodHRwczpcL1wvd2VhcmVsYW5kLmNvbS5hclwvd3AtY29udGVudFwvdXBsb2Fkc1wvMjAyNVwvMDZcLzEyLW5vYi1oaWxsLWRlc2Fycm9sbG9zLmpwZyIsInNsaWRlc2hvdyI6ImZhYjg3MTcifQ%3D%3D\">\n\t\t\t\t\t<div class=\"e-gallery-image elementor-gallery-item__image\" data-thumbnail=\"https:\/\/weareland.com.ar\/wp-content\/uploads\/2025\/06\/12-nob-hill-desarrollos.jpg\" data-width=\"1024\" data-height=\"630\" aria-label=\"\" role=\"img\" ><\/div>\n\t\t\t\t\t\t\t\t\t\t\t<div class=\"elementor-gallery-item__overlay\"><\/div>\n\t\t\t\t\t\t\t\t\t\t\t\t\t\t<\/a>\n\t\t\t\t\t\t\t<a class=\"e-gallery-item elementor-gallery-item elementor-animated-content\" href=\"https:\/\/weareland.com.ar\/wp-content\/uploads\/2025\/06\/13-nob-hill-desarrollos.jpg\" data-elementor-open-lightbox=\"yes\" data-elementor-lightbox-slideshow=\"fab8717\" data-e-action-hash=\"#elementor-action%3Aaction%3Dlightbox%26settings%3DeyJpZCI6MzIzLCJ1cmwiOiJodHRwczpcL1wvd2VhcmVsYW5kLmNvbS5hclwvd3AtY29udGVudFwvdXBsb2Fkc1wvMjAyNVwvMDZcLzEzLW5vYi1oaWxsLWRlc2Fycm9sbG9zLmpwZyIsInNsaWRlc2hvdyI6ImZhYjg3MTcifQ%3D%3D\">\n\t\t\t\t\t<div class=\"e-gallery-image elementor-gallery-item__image\" data-thumbnail=\"https:\/\/weareland.com.ar\/wp-content\/uploads\/2025\/06\/13-nob-hill-desarrollos.jpg\" data-width=\"427\" data-height=\"640\" aria-label=\"\" role=\"img\" ><\/div>\n\t\t\t\t\t\t\t\t\t\t\t<div class=\"elementor-gallery-item__overlay\"><\/div>\n\t\t\t\t\t\t\t\t\t\t\t\t\t\t<\/a>\n\t\t\t\t\t<\/div>\n\t\t\t\t\t<\/div>\n\t\t\t\t<\/div>\n\t\t\t\t\t<\/div>\n\t\t\t\t<\/div>\n\t\t\t\t<\/div>\n\t\t","protected":false},"excerpt":{"rendered":"<p>Nob Hill . Fitz Roy 1470 . Palermo Hollywood (Construido) LANDWORKS DESARROLLO INMOBILIARIO + PROYECTO ARQUITECTONICO + DIRECCION + CONSTRUCCION Emplazado en el coraz\u00f3n de Palermo Hollywood.\u00a0 El edificio cuenta con una est\u00e9tica atemporal. La entrada est\u00e1 jerarquizada por una marquesina de hierro abulonado.\u00a0 En las fachadas hay una expresiva combinaci\u00f3n de ladrillos, molduras de&hellip;&nbsp;<a href=\"https:\/\/weareland.com.ar\/index.php\/nobhill\/\" rel=\"bookmark\"><span class=\"screen-reader-text\"><\/span><\/a><\/p>\n","protected":false},"author":1,"featured_media":0,"parent":0,"menu_order":0,"comment_status":"closed","ping_status":"closed","template":"","meta":{"neve_meta_sidebar":"","neve_meta_container":"","neve_meta_enable_content_width":"","neve_meta_content_width":0,"neve_meta_title_alignment":"","neve_meta_author_avatar":"","neve_post_elements_order":"","neve_meta_disable_header":"","neve_meta_disable_footer":"","neve_meta_disable_title":"","neve_meta_reading_time":"","footnotes":""},"class_list":["post-304","page","type-page","status-publish","hentry"],"_links":{"self":[{"href":"https:\/\/weareland.com.ar\/index.php\/wp-json\/wp\/v2\/pages\/304","targetHints":{"allow":["GET"]}}],"collection":[{"href":"https:\/\/weareland.com.ar\/index.php\/wp-json\/wp\/v2\/pages"}],"about":[{"href":"https:\/\/weareland.com.ar\/index.php\/wp-json\/wp\/v2\/types\/page"}],"author":[{"embeddable":true,"href":"https:\/\/weareland.com.ar\/index.php\/wp-json\/wp\/v2\/users\/1"}],"replies":[{"embeddable":true,"href":"https:\/\/weareland.com.ar\/index.php\/wp-json\/wp\/v2\/comments?post=304"}],"version-history":[{"count":20,"href":"https:\/\/weareland.com.ar\/index.php\/wp-json\/wp\/v2\/pages\/304\/revisions"}],"predecessor-version":[{"id":731,"href":"https:\/\/weareland.com.ar\/index.php\/wp-json\/wp\/v2\/pages\/304\/revisions\/731"}],"wp:attachment":[{"href":"https:\/\/weareland.com.ar\/index.php\/wp-json\/wp\/v2\/media?parent=304"}],"curies":[{"name":"wp","href":"https:\/\/api.w.org\/{rel}","templated":true}]}}