{"id":292,"date":"2025-06-25T17:00:59","date_gmt":"2025-06-25T20:00:59","guid":{"rendered":"https:\/\/weareland.com.ar\/?page_id=292"},"modified":"2026-02-09T17:48:35","modified_gmt":"2026-02-09T20:48:35","slug":"gotham","status":"publish","type":"page","link":"https:\/\/weareland.com.ar\/index.php\/gotham\/","title":{"rendered":"GOTHAM"},"content":{"rendered":"\t\t<div data-elementor-type=\"wp-page\" data-elementor-id=\"292\" class=\"elementor elementor-292\" data-elementor-post-type=\"page\">\n\t\t\t\t<div class=\"elementor-element elementor-element-8f7b6c6 e-flex e-con-boxed e-con e-parent\" data-id=\"8f7b6c6\" data-element_type=\"container\">\n\t\t\t\t\t<div class=\"e-con-inner\">\n\t\t\t\t<div class=\"elementor-element elementor-element-532959e elementor-widget elementor-widget-spacer\" data-id=\"532959e\" data-element_type=\"widget\" data-widget_type=\"spacer.default\">\n\t\t\t\t<div class=\"elementor-widget-container\">\n\t\t\t\t\t\t\t<div class=\"elementor-spacer\">\n\t\t\t<div class=\"elementor-spacer-inner\"><\/div>\n\t\t<\/div>\n\t\t\t\t\t\t<\/div>\n\t\t\t\t<\/div>\n\t\t\t\t\t<\/div>\n\t\t\t\t<\/div>\n\t\t<div class=\"elementor-element elementor-element-881ca38 e-flex e-con-boxed e-con e-parent\" data-id=\"881ca38\" data-element_type=\"container\">\n\t\t\t\t\t<div class=\"e-con-inner\">\n\t\t\t\t<div class=\"elementor-element elementor-element-1235518 elementor-widget elementor-widget-heading\" data-id=\"1235518\" data-element_type=\"widget\" data-widget_type=\"heading.default\">\n\t\t\t\t<div class=\"elementor-widget-container\">\n\t\t\t\t\t<h2 class=\"elementor-heading-title elementor-size-default\">Gotham Working Place . Humboldt 1456 . Palermo Hollywood (Proyectado)<\/h2>\t\t\t\t<\/div>\n\t\t\t\t<\/div>\n\t\t\t\t\t<\/div>\n\t\t\t\t<\/div>\n\t\t<div class=\"elementor-element elementor-element-a34e69d e-flex e-con-boxed e-con e-parent\" data-id=\"a34e69d\" data-element_type=\"container\">\n\t\t\t\t\t<div class=\"e-con-inner\">\n\t\t\t\t<div class=\"elementor-element elementor-element-a5784ab elementor-widget elementor-widget-text-editor\" data-id=\"a5784ab\" data-element_type=\"widget\" data-widget_type=\"text-editor.default\">\n\t\t\t\t<div class=\"elementor-widget-container\">\n\t\t\t\t\t\t\t\t\t<p>LANDWORKS DESARROLLO INMOBILIARIO + PROYECTO ARQUITECTONICO+ DOCUMENTACION<\/p><p>Creamos un edificio corporativo boutique con una imagen fuerte e identificable que se recorte de los otros edificios de la misma categor\u00eda. Se fusion\u00f3 la solidez corporativa que buscan dar algunas pymes con el glamour de los edificios fabriles que algunas empresas del mundo han refuncionalizado para instalarse. Gotham tiene fachadas de ladrillo caladas r\u00edtmicamente con carpinter\u00edas de hierro y vidrio hechas a medida con detalles de calidad. Hormig\u00f3n ladrillo y hierro. El \u00faltimo nivel es una terraza jard\u00edn con techo verde la cual se dise\u00f1\u00f3 cumpliendo con muchos par\u00e1metros ecosustentables para reducir al m\u00e1ximo su impacto ambiental y mantenimiento. Tiene un espacio para eventos y de esparcimiento para empleados al exterior en el \u00faltimo nivel. Cuenta con 9 oficinas en doble altura con entrepisos. Superficie cubierta 2400 m2.<\/p>\t\t\t\t\t\t\t\t<\/div>\n\t\t\t\t<\/div>\n\t\t\t\t\t<\/div>\n\t\t\t\t<\/div>\n\t\t<div class=\"elementor-element elementor-element-4dc66cc e-flex e-con-boxed e-con e-parent\" data-id=\"4dc66cc\" data-element_type=\"container\">\n\t\t\t\t\t<div class=\"e-con-inner\">\n\t\t<div class=\"elementor-element elementor-element-04fff63 e-con-full e-flex e-con e-child\" data-id=\"04fff63\" data-element_type=\"container\">\n\t\t<div class=\"elementor-element elementor-element-e4f1e8b e-con-full e-flex e-con e-child\" data-id=\"e4f1e8b\" data-element_type=\"container\">\n\t\t\t\t<div class=\"elementor-element elementor-element-e4b60e0 elementor-widget elementor-widget-gallery\" data-id=\"e4b60e0\" data-element_type=\"widget\" data-settings=\"{&quot;columns&quot;:3,&quot;aspect_ratio&quot;:&quot;1:1&quot;,&quot;lazyload&quot;:&quot;yes&quot;,&quot;gallery_layout&quot;:&quot;grid&quot;,&quot;columns_tablet&quot;:2,&quot;columns_mobile&quot;:1,&quot;gap&quot;:{&quot;unit&quot;:&quot;px&quot;,&quot;size&quot;:10,&quot;sizes&quot;:[]},&quot;gap_tablet&quot;:{&quot;unit&quot;:&quot;px&quot;,&quot;size&quot;:10,&quot;sizes&quot;:[]},&quot;gap_mobile&quot;:{&quot;unit&quot;:&quot;px&quot;,&quot;size&quot;:10,&quot;sizes&quot;:[]},&quot;link_to&quot;:&quot;file&quot;,&quot;overlay_background&quot;:&quot;yes&quot;,&quot;content_hover_animation&quot;:&quot;fade-in&quot;}\" data-widget_type=\"gallery.default\">\n\t\t\t\t<div class=\"elementor-widget-container\">\n\t\t\t\t\t\t\t<div class=\"elementor-gallery__container\">\n\t\t\t\t\t\t\t<a class=\"e-gallery-item elementor-gallery-item elementor-animated-content\" href=\"https:\/\/weareland.com.ar\/wp-content\/uploads\/2025\/06\/1-GH-FRENTE-FINAL-19-OCT-10-PB-ILUMINADA-scaled.jpg\" data-elementor-open-lightbox=\"yes\" data-elementor-lightbox-slideshow=\"e4b60e0\" data-e-action-hash=\"#elementor-action%3Aaction%3Dlightbox%26settings%3DeyJpZCI6Mjk0LCJ1cmwiOiJodHRwczpcL1wvd2VhcmVsYW5kLmNvbS5hclwvd3AtY29udGVudFwvdXBsb2Fkc1wvMjAyNVwvMDZcLzEtR0gtRlJFTlRFLUZJTkFMLTE5LU9DVC0xMC1QQi1JTFVNSU5BREEtc2NhbGVkLmpwZyIsInNsaWRlc2hvdyI6ImU0YjYwZTAifQ%3D%3D\">\n\t\t\t\t\t<div class=\"e-gallery-image elementor-gallery-item__image\" data-thumbnail=\"https:\/\/weareland.com.ar\/wp-content\/uploads\/2025\/06\/1-GH-FRENTE-FINAL-19-OCT-10-PB-ILUMINADA-559x1024.jpg\" data-width=\"559\" data-height=\"1024\" aria-label=\"\" role=\"img\" ><\/div>\n\t\t\t\t\t\t\t\t\t\t\t<div class=\"elementor-gallery-item__overlay\"><\/div>\n\t\t\t\t\t\t\t\t\t\t\t\t\t\t<\/a>\n\t\t\t\t\t\t\t<a class=\"e-gallery-item elementor-gallery-item elementor-animated-content\" href=\"https:\/\/weareland.com.ar\/wp-content\/uploads\/2025\/06\/2-Gotham-desarrollos-1.jpg\" data-elementor-open-lightbox=\"yes\" data-elementor-lightbox-slideshow=\"e4b60e0\" data-e-action-hash=\"#elementor-action%3Aaction%3Dlightbox%26settings%3DeyJpZCI6Mjk1LCJ1cmwiOiJodHRwczpcL1wvd2VhcmVsYW5kLmNvbS5hclwvd3AtY29udGVudFwvdXBsb2Fkc1wvMjAyNVwvMDZcLzItR290aGFtLWRlc2Fycm9sbG9zLTEuanBnIiwic2xpZGVzaG93IjoiZTRiNjBlMCJ9\">\n\t\t\t\t\t<div class=\"e-gallery-image elementor-gallery-item__image\" data-thumbnail=\"https:\/\/weareland.com.ar\/wp-content\/uploads\/2025\/06\/2-Gotham-desarrollos-1-1024x896.jpg\" data-width=\"1024\" data-height=\"896\" aria-label=\"\" role=\"img\" ><\/div>\n\t\t\t\t\t\t\t\t\t\t\t<div class=\"elementor-gallery-item__overlay\"><\/div>\n\t\t\t\t\t\t\t\t\t\t\t\t\t\t<\/a>\n\t\t\t\t\t\t\t<a class=\"e-gallery-item elementor-gallery-item elementor-animated-content\" href=\"https:\/\/weareland.com.ar\/wp-content\/uploads\/2025\/06\/4-Gotham-desarrollos.jpg\" data-elementor-open-lightbox=\"yes\" data-elementor-lightbox-slideshow=\"e4b60e0\" data-e-action-hash=\"#elementor-action%3Aaction%3Dlightbox%26settings%3DeyJpZCI6Mjk2LCJ1cmwiOiJodHRwczpcL1wvd2VhcmVsYW5kLmNvbS5hclwvd3AtY29udGVudFwvdXBsb2Fkc1wvMjAyNVwvMDZcLzQtR290aGFtLWRlc2Fycm9sbG9zLmpwZyIsInNsaWRlc2hvdyI6ImU0YjYwZTAifQ%3D%3D\">\n\t\t\t\t\t<div class=\"e-gallery-image elementor-gallery-item__image\" data-thumbnail=\"https:\/\/weareland.com.ar\/wp-content\/uploads\/2025\/06\/4-Gotham-desarrollos-1024x874.jpg\" data-width=\"1024\" data-height=\"874\" aria-label=\"\" role=\"img\" ><\/div>\n\t\t\t\t\t\t\t\t\t\t\t<div class=\"elementor-gallery-item__overlay\"><\/div>\n\t\t\t\t\t\t\t\t\t\t\t\t\t\t<\/a>\n\t\t\t\t\t\t\t<a class=\"e-gallery-item elementor-gallery-item elementor-animated-content\" href=\"https:\/\/weareland.com.ar\/wp-content\/uploads\/2025\/06\/5-gotham-desarrollos-ACCESO-NOCHE-FINALcon-palmeras-copia-copy-scaled.jpg\" data-elementor-open-lightbox=\"yes\" data-elementor-lightbox-slideshow=\"e4b60e0\" data-e-action-hash=\"#elementor-action%3Aaction%3Dlightbox%26settings%3DeyJpZCI6Mjk3LCJ1cmwiOiJodHRwczpcL1wvd2VhcmVsYW5kLmNvbS5hclwvd3AtY29udGVudFwvdXBsb2Fkc1wvMjAyNVwvMDZcLzUtZ290aGFtLWRlc2Fycm9sbG9zLUFDQ0VTTy1OT0NIRS1GSU5BTGNvbi1wYWxtZXJhcy1jb3BpYS1jb3B5LXNjYWxlZC5qcGciLCJzbGlkZXNob3ciOiJlNGI2MGUwIn0%3D\">\n\t\t\t\t\t<div class=\"e-gallery-image elementor-gallery-item__image\" data-thumbnail=\"https:\/\/weareland.com.ar\/wp-content\/uploads\/2025\/06\/5-gotham-desarrollos-ACCESO-NOCHE-FINALcon-palmeras-copia-copy-1024x739.jpg\" data-width=\"1024\" data-height=\"739\" aria-label=\"\" role=\"img\" ><\/div>\n\t\t\t\t\t\t\t\t\t\t\t<div class=\"elementor-gallery-item__overlay\"><\/div>\n\t\t\t\t\t\t\t\t\t\t\t\t\t\t<\/a>\n\t\t\t\t\t\t\t<a class=\"e-gallery-item elementor-gallery-item elementor-animated-content\" href=\"https:\/\/weareland.com.ar\/wp-content\/uploads\/2026\/02\/55.jpg\" data-elementor-open-lightbox=\"yes\" data-elementor-lightbox-slideshow=\"e4b60e0\" data-elementor-lightbox-title=\"55\" data-e-action-hash=\"#elementor-action%3Aaction%3Dlightbox%26settings%3DeyJpZCI6Nzk5LCJ1cmwiOiJodHRwczpcL1wvd2VhcmVsYW5kLmNvbS5hclwvd3AtY29udGVudFwvdXBsb2Fkc1wvMjAyNlwvMDJcLzU1LmpwZyIsInNsaWRlc2hvdyI6ImU0YjYwZTAifQ%3D%3D\">\n\t\t\t\t\t<div class=\"e-gallery-image elementor-gallery-item__image\" data-thumbnail=\"https:\/\/weareland.com.ar\/wp-content\/uploads\/2026\/02\/55-1024x944.jpg\" data-width=\"1024\" data-height=\"944\" aria-label=\"\" role=\"img\" ><\/div>\n\t\t\t\t\t\t\t\t\t\t\t<div class=\"elementor-gallery-item__overlay\"><\/div>\n\t\t\t\t\t\t\t\t\t\t\t\t\t\t<\/a>\n\t\t\t\t\t\t\t<a class=\"e-gallery-item elementor-gallery-item elementor-animated-content\" href=\"https:\/\/weareland.com.ar\/wp-content\/uploads\/2026\/02\/LOFT-10-FINAL-en-baja-scaled.jpg\" data-elementor-open-lightbox=\"yes\" data-elementor-lightbox-slideshow=\"e4b60e0\" data-elementor-lightbox-title=\"\\MaguiPROYECTOS UG2008NOBHILL 2008FINAL NOB HILL3-archivos\" data-e-action-hash=\"#elementor-action%3Aaction%3Dlightbox%26settings%3DeyJpZCI6Nzk3LCJ1cmwiOiJodHRwczpcL1wvd2VhcmVsYW5kLmNvbS5hclwvd3AtY29udGVudFwvdXBsb2Fkc1wvMjAyNlwvMDJcL0xPRlQtMTAtRklOQUwtZW4tYmFqYS1zY2FsZWQuanBnIiwic2xpZGVzaG93IjoiZTRiNjBlMCJ9\">\n\t\t\t\t\t<div class=\"e-gallery-image elementor-gallery-item__image\" data-thumbnail=\"https:\/\/weareland.com.ar\/wp-content\/uploads\/2026\/02\/LOFT-10-FINAL-en-baja-724x1024.jpg\" data-width=\"724\" data-height=\"1024\" aria-label=\"\" role=\"img\" ><\/div>\n\t\t\t\t\t\t\t\t\t\t\t<div class=\"elementor-gallery-item__overlay\"><\/div>\n\t\t\t\t\t\t\t\t\t\t\t\t\t\t<\/a>\n\t\t\t\t\t\t\t<a class=\"e-gallery-item elementor-gallery-item elementor-animated-content\" href=\"https:\/\/weareland.com.ar\/wp-content\/uploads\/2026\/02\/6-gotham-desarrollos-brochure.jpg\" data-elementor-open-lightbox=\"yes\" data-elementor-lightbox-slideshow=\"e4b60e0\" data-elementor-lightbox-title=\"brochure\" data-e-action-hash=\"#elementor-action%3Aaction%3Dlightbox%26settings%3DeyJpZCI6Nzk4LCJ1cmwiOiJodHRwczpcL1wvd2VhcmVsYW5kLmNvbS5hclwvd3AtY29udGVudFwvdXBsb2Fkc1wvMjAyNlwvMDJcLzYtZ290aGFtLWRlc2Fycm9sbG9zLWJyb2NodXJlLmpwZyIsInNsaWRlc2hvdyI6ImU0YjYwZTAifQ%3D%3D\">\n\t\t\t\t\t<div class=\"e-gallery-image elementor-gallery-item__image\" data-thumbnail=\"https:\/\/weareland.com.ar\/wp-content\/uploads\/2026\/02\/6-gotham-desarrollos-brochure-989x1024.jpg\" data-width=\"989\" data-height=\"1024\" aria-label=\"\" role=\"img\" ><\/div>\n\t\t\t\t\t\t\t\t\t\t\t<div class=\"elementor-gallery-item__overlay\"><\/div>\n\t\t\t\t\t\t\t\t\t\t\t\t\t\t<\/a>\n\t\t\t\t\t<\/div>\n\t\t\t\t\t<\/div>\n\t\t\t\t<\/div>\n\t\t\t\t<\/div>\n\t\t\t\t<\/div>\n\t\t\t\t\t<\/div>\n\t\t\t\t<\/div>\n\t\t\t\t<\/div>\n\t\t","protected":false},"excerpt":{"rendered":"<p>Gotham Working Place . Humboldt 1456 . Palermo Hollywood (Proyectado) LANDWORKS DESARROLLO INMOBILIARIO + PROYECTO ARQUITECTONICO+ DOCUMENTACION Creamos un edificio corporativo boutique con una imagen fuerte e identificable que se recorte de los otros edificios de la misma categor\u00eda. Se fusion\u00f3 la solidez corporativa que buscan dar algunas pymes con el glamour de los edificios&hellip;&nbsp;<a href=\"https:\/\/weareland.com.ar\/index.php\/gotham\/\" rel=\"bookmark\"><span class=\"screen-reader-text\">GOTHAM<\/span><\/a><\/p>\n","protected":false},"author":1,"featured_media":0,"parent":0,"menu_order":0,"comment_status":"closed","ping_status":"closed","template":"page-templates\/template-pagebuilder-full-width.php","meta":{"neve_meta_sidebar":"","neve_meta_container":"","neve_meta_enable_content_width":"","neve_meta_content_width":0,"neve_meta_title_alignment":"","neve_meta_author_avatar":"","neve_post_elements_order":"","neve_meta_disable_header":"","neve_meta_disable_footer":"","neve_meta_disable_title":"","neve_meta_reading_time":"","footnotes":""},"class_list":["post-292","page","type-page","status-publish","hentry"],"_links":{"self":[{"href":"https:\/\/weareland.com.ar\/index.php\/wp-json\/wp\/v2\/pages\/292","targetHints":{"allow":["GET"]}}],"collection":[{"href":"https:\/\/weareland.com.ar\/index.php\/wp-json\/wp\/v2\/pages"}],"about":[{"href":"https:\/\/weareland.com.ar\/index.php\/wp-json\/wp\/v2\/types\/page"}],"author":[{"embeddable":true,"href":"https:\/\/weareland.com.ar\/index.php\/wp-json\/wp\/v2\/users\/1"}],"replies":[{"embeddable":true,"href":"https:\/\/weareland.com.ar\/index.php\/wp-json\/wp\/v2\/comments?post=292"}],"version-history":[{"count":16,"href":"https:\/\/weareland.com.ar\/index.php\/wp-json\/wp\/v2\/pages\/292\/revisions"}],"predecessor-version":[{"id":802,"href":"https:\/\/weareland.com.ar\/index.php\/wp-json\/wp\/v2\/pages\/292\/revisions\/802"}],"wp:attachment":[{"href":"https:\/\/weareland.com.ar\/index.php\/wp-json\/wp\/v2\/media?parent=292"}],"curies":[{"name":"wp","href":"https:\/\/api.w.org\/{rel}","templated":true}]}}