{"id":274,"date":"2025-06-25T16:50:51","date_gmt":"2025-06-25T19:50:51","guid":{"rendered":"https:\/\/weareland.com.ar\/?page_id=274"},"modified":"2025-10-24T16:56:52","modified_gmt":"2025-10-24T19:56:52","slug":"olivosplaza","status":"publish","type":"page","link":"https:\/\/weareland.com.ar\/index.php\/olivosplaza\/","title":{"rendered":"OLIVOSPLAZA"},"content":{"rendered":"\t\t<div data-elementor-type=\"wp-page\" data-elementor-id=\"274\" class=\"elementor elementor-274\" data-elementor-post-type=\"page\">\n\t\t\t\t<div class=\"elementor-element elementor-element-7b878e0 e-flex e-con-boxed e-con e-parent\" data-id=\"7b878e0\" data-element_type=\"container\">\n\t\t\t\t\t<div class=\"e-con-inner\">\n\t\t\t\t<div class=\"elementor-element elementor-element-6a54771 elementor-widget elementor-widget-spacer\" data-id=\"6a54771\" data-element_type=\"widget\" data-widget_type=\"spacer.default\">\n\t\t\t\t<div class=\"elementor-widget-container\">\n\t\t\t\t\t\t\t<div class=\"elementor-spacer\">\n\t\t\t<div class=\"elementor-spacer-inner\"><\/div>\n\t\t<\/div>\n\t\t\t\t\t\t<\/div>\n\t\t\t\t<\/div>\n\t\t\t\t\t<\/div>\n\t\t\t\t<\/div>\n\t\t<div class=\"elementor-element elementor-element-06f3ab4 e-flex e-con-boxed e-con e-parent\" data-id=\"06f3ab4\" data-element_type=\"container\">\n\t\t\t\t\t<div class=\"e-con-inner\">\n\t\t\t\t<div class=\"elementor-element elementor-element-42c5205 elementor-widget elementor-widget-heading\" data-id=\"42c5205\" data-element_type=\"widget\" data-widget_type=\"heading.default\">\n\t\t\t\t<div class=\"elementor-widget-container\">\n\t\t\t\t\t<h2 class=\"elementor-heading-title elementor-size-default\">Olivos Plaza . Olivos . Buenos Aires (Construido)<\/h2>\t\t\t\t<\/div>\n\t\t\t\t<\/div>\n\t\t\t\t\t<\/div>\n\t\t\t\t<\/div>\n\t\t<div class=\"elementor-element elementor-element-a8a06f3 e-flex e-con-boxed e-con e-parent\" data-id=\"a8a06f3\" data-element_type=\"container\">\n\t\t\t\t\t<div class=\"e-con-inner\">\n\t\t\t\t<div class=\"elementor-element elementor-element-b789c20 elementor-widget elementor-widget-text-editor\" data-id=\"b789c20\" data-element_type=\"widget\" data-widget_type=\"text-editor.default\">\n\t\t\t\t<div class=\"elementor-widget-container\">\n\t\t\t\t\t\t\t\t\t<p>LANDWORKS\u00a0 PROYECTO ARQUITECTONICO + DOCUMENTACION<\/p><p>Edificio de doble frente de ladrillo coronado con una manzarda inclinada de chapa negra con aventanamientos cenitales para los lofts. Las aberturas de hierro est\u00e1n enmarcadas por dinteles y antepechos de hormig\u00f3n moldurado. Cada unidad cuenta con grandes balcones aterrazados que se abren sobre vegetaci\u00f3n y tranquilidad de la plaza de Olivos. La entrada al hall principal est\u00e1 flanqueada por la entrada y salida a los dos niveles de estacionamiento.<br \/>Tiene 9 semi pisos y 3 lofts de doble altura en el \u00faltimo nivel. Sus cubierta 2400 m2.<\/p>\t\t\t\t\t\t\t\t<\/div>\n\t\t\t\t<\/div>\n\t\t\t\t\t<\/div>\n\t\t\t\t<\/div>\n\t\t<div class=\"elementor-element elementor-element-22bbf31 e-flex e-con-boxed e-con e-parent\" data-id=\"22bbf31\" data-element_type=\"container\">\n\t\t\t\t\t<div class=\"e-con-inner\">\n\t\t\t\t<div class=\"elementor-element elementor-element-243c025 elementor-widget elementor-widget-gallery\" data-id=\"243c025\" data-element_type=\"widget\" data-settings=\"{&quot;columns&quot;:3,&quot;aspect_ratio&quot;:&quot;1:1&quot;,&quot;lazyload&quot;:&quot;yes&quot;,&quot;gallery_layout&quot;:&quot;grid&quot;,&quot;columns_tablet&quot;:2,&quot;columns_mobile&quot;:1,&quot;gap&quot;:{&quot;unit&quot;:&quot;px&quot;,&quot;size&quot;:10,&quot;sizes&quot;:[]},&quot;gap_tablet&quot;:{&quot;unit&quot;:&quot;px&quot;,&quot;size&quot;:10,&quot;sizes&quot;:[]},&quot;gap_mobile&quot;:{&quot;unit&quot;:&quot;px&quot;,&quot;size&quot;:10,&quot;sizes&quot;:[]},&quot;link_to&quot;:&quot;file&quot;,&quot;overlay_background&quot;:&quot;yes&quot;,&quot;content_hover_animation&quot;:&quot;fade-in&quot;}\" data-widget_type=\"gallery.default\">\n\t\t\t\t<div class=\"elementor-widget-container\">\n\t\t\t\t\t\t\t<div class=\"elementor-gallery__container\">\n\t\t\t\t\t\t\t<a class=\"e-gallery-item elementor-gallery-item elementor-animated-content\" href=\"https:\/\/weareland.com.ar\/wp-content\/uploads\/2025\/06\/1-OLIVOS-PLAZA-DESARROLLO-1-scaled.jpg\" data-elementor-open-lightbox=\"yes\" data-elementor-lightbox-slideshow=\"243c025\" data-e-action-hash=\"#elementor-action%3Aaction%3Dlightbox%26settings%3DeyJpZCI6Mjc2LCJ1cmwiOiJodHRwczpcL1wvd2VhcmVsYW5kLmNvbS5hclwvd3AtY29udGVudFwvdXBsb2Fkc1wvMjAyNVwvMDZcLzEtT0xJVk9TLVBMQVpBLURFU0FSUk9MTE8tMS1zY2FsZWQuanBnIiwic2xpZGVzaG93IjoiMjQzYzAyNSJ9\">\n\t\t\t\t\t<div class=\"e-gallery-image elementor-gallery-item__image\" data-thumbnail=\"https:\/\/weareland.com.ar\/wp-content\/uploads\/2025\/06\/1-OLIVOS-PLAZA-DESARROLLO-1-854x1024.jpg\" data-width=\"854\" data-height=\"1024\" aria-label=\"\" role=\"img\" ><\/div>\n\t\t\t\t\t\t\t\t\t\t\t<div class=\"elementor-gallery-item__overlay\"><\/div>\n\t\t\t\t\t\t\t\t\t\t\t\t\t\t<\/a>\n\t\t\t\t\t\t\t<a class=\"e-gallery-item elementor-gallery-item elementor-animated-content\" href=\"https:\/\/weareland.com.ar\/wp-content\/uploads\/2025\/06\/2-OLIVOS-PLAZA-DESARROLLOS-IntExt_Ed2-scaled.jpg\" data-elementor-open-lightbox=\"yes\" data-elementor-lightbox-slideshow=\"243c025\" data-e-action-hash=\"#elementor-action%3Aaction%3Dlightbox%26settings%3DeyJpZCI6Mjc3LCJ1cmwiOiJodHRwczpcL1wvd2VhcmVsYW5kLmNvbS5hclwvd3AtY29udGVudFwvdXBsb2Fkc1wvMjAyNVwvMDZcLzItT0xJVk9TLVBMQVpBLURFU0FSUk9MTE9TLUludEV4dF9FZDItc2NhbGVkLmpwZyIsInNsaWRlc2hvdyI6IjI0M2MwMjUifQ%3D%3D\">\n\t\t\t\t\t<div class=\"e-gallery-image elementor-gallery-item__image\" data-thumbnail=\"https:\/\/weareland.com.ar\/wp-content\/uploads\/2025\/06\/2-OLIVOS-PLAZA-DESARROLLOS-IntExt_Ed2-768x1024.jpg\" data-width=\"768\" data-height=\"1024\" aria-label=\"\" role=\"img\" ><\/div>\n\t\t\t\t\t\t\t\t\t\t\t<div class=\"elementor-gallery-item__overlay\"><\/div>\n\t\t\t\t\t\t\t\t\t\t\t\t\t\t<\/a>\n\t\t\t\t\t\t\t<a class=\"e-gallery-item elementor-gallery-item elementor-animated-content\" href=\"https:\/\/weareland.com.ar\/wp-content\/uploads\/2025\/06\/3-OLIVOS-PLAZA-DESARROLLOS-1-scaled.jpg\" data-elementor-open-lightbox=\"yes\" data-elementor-lightbox-slideshow=\"243c025\" data-e-action-hash=\"#elementor-action%3Aaction%3Dlightbox%26settings%3DeyJpZCI6Mjc4LCJ1cmwiOiJodHRwczpcL1wvd2VhcmVsYW5kLmNvbS5hclwvd3AtY29udGVudFwvdXBsb2Fkc1wvMjAyNVwvMDZcLzMtT0xJVk9TLVBMQVpBLURFU0FSUk9MTE9TLTEtc2NhbGVkLmpwZyIsInNsaWRlc2hvdyI6IjI0M2MwMjUifQ%3D%3D\">\n\t\t\t\t\t<div class=\"e-gallery-image elementor-gallery-item__image\" data-thumbnail=\"https:\/\/weareland.com.ar\/wp-content\/uploads\/2025\/06\/3-OLIVOS-PLAZA-DESARROLLOS-1-853x1024.jpg\" data-width=\"853\" data-height=\"1024\" aria-label=\"\" role=\"img\" ><\/div>\n\t\t\t\t\t\t\t\t\t\t\t<div class=\"elementor-gallery-item__overlay\"><\/div>\n\t\t\t\t\t\t\t\t\t\t\t\t\t\t<\/a>\n\t\t\t\t\t\t\t<a class=\"e-gallery-item elementor-gallery-item elementor-animated-content\" href=\"https:\/\/weareland.com.ar\/wp-content\/uploads\/2025\/06\/4-OLIVOS-PLAZA-DESARROLLOS-scaled.jpg\" data-elementor-open-lightbox=\"yes\" data-elementor-lightbox-slideshow=\"243c025\" data-e-action-hash=\"#elementor-action%3Aaction%3Dlightbox%26settings%3DeyJpZCI6Mjc5LCJ1cmwiOiJodHRwczpcL1wvd2VhcmVsYW5kLmNvbS5hclwvd3AtY29udGVudFwvdXBsb2Fkc1wvMjAyNVwvMDZcLzQtT0xJVk9TLVBMQVpBLURFU0FSUk9MTE9TLXNjYWxlZC5qcGciLCJzbGlkZXNob3ciOiIyNDNjMDI1In0%3D\">\n\t\t\t\t\t<div class=\"e-gallery-image elementor-gallery-item__image\" data-thumbnail=\"https:\/\/weareland.com.ar\/wp-content\/uploads\/2025\/06\/4-OLIVOS-PLAZA-DESARROLLOS-1024x683.jpg\" data-width=\"1024\" data-height=\"683\" aria-label=\"\" role=\"img\" ><\/div>\n\t\t\t\t\t\t\t\t\t\t\t<div class=\"elementor-gallery-item__overlay\"><\/div>\n\t\t\t\t\t\t\t\t\t\t\t\t\t\t<\/a>\n\t\t\t\t\t\t\t<a class=\"e-gallery-item elementor-gallery-item elementor-animated-content\" href=\"https:\/\/weareland.com.ar\/wp-content\/uploads\/2025\/06\/5-OLIVOS-PLAZA-DESARROLLOS-CH-III-10-SACAR-scaled.jpg\" data-elementor-open-lightbox=\"yes\" data-elementor-lightbox-slideshow=\"243c025\" data-e-action-hash=\"#elementor-action%3Aaction%3Dlightbox%26settings%3DeyJpZCI6MjgwLCJ1cmwiOiJodHRwczpcL1wvd2VhcmVsYW5kLmNvbS5hclwvd3AtY29udGVudFwvdXBsb2Fkc1wvMjAyNVwvMDZcLzUtT0xJVk9TLVBMQVpBLURFU0FSUk9MTE9TLUNILUlJSS0xMC1TQUNBUi1zY2FsZWQuanBnIiwic2xpZGVzaG93IjoiMjQzYzAyNSJ9\">\n\t\t\t\t\t<div class=\"e-gallery-image elementor-gallery-item__image\" data-thumbnail=\"https:\/\/weareland.com.ar\/wp-content\/uploads\/2025\/06\/5-OLIVOS-PLAZA-DESARROLLOS-CH-III-10-SACAR-683x1024.jpg\" data-width=\"683\" data-height=\"1024\" aria-label=\"\" role=\"img\" ><\/div>\n\t\t\t\t\t\t\t\t\t\t\t<div class=\"elementor-gallery-item__overlay\"><\/div>\n\t\t\t\t\t\t\t\t\t\t\t\t\t\t<\/a>\n\t\t\t\t\t\t\t<a class=\"e-gallery-item elementor-gallery-item elementor-animated-content\" href=\"https:\/\/weareland.com.ar\/wp-content\/uploads\/2025\/06\/6-OLIVOS-PLAZA-DESARROLLOS-III-12-scaled.jpg\" data-elementor-open-lightbox=\"yes\" data-elementor-lightbox-slideshow=\"243c025\" data-elementor-lightbox-title=\"6- OLIVOS PLAZA DESARROLLOS III # 12\" data-e-action-hash=\"#elementor-action%3Aaction%3Dlightbox%26settings%3DeyJpZCI6MjgxLCJ1cmwiOiJodHRwczpcL1wvd2VhcmVsYW5kLmNvbS5hclwvd3AtY29udGVudFwvdXBsb2Fkc1wvMjAyNVwvMDZcLzYtT0xJVk9TLVBMQVpBLURFU0FSUk9MTE9TLUlJSS0xMi1zY2FsZWQuanBnIiwic2xpZGVzaG93IjoiMjQzYzAyNSJ9\">\n\t\t\t\t\t<div class=\"e-gallery-image elementor-gallery-item__image\" data-thumbnail=\"https:\/\/weareland.com.ar\/wp-content\/uploads\/2025\/06\/6-OLIVOS-PLAZA-DESARROLLOS-III-12-683x1024.jpg\" data-width=\"683\" data-height=\"1024\" aria-label=\"\" role=\"img\" ><\/div>\n\t\t\t\t\t\t\t\t\t\t\t<div class=\"elementor-gallery-item__overlay\"><\/div>\n\t\t\t\t\t\t\t\t\t\t\t\t\t\t<\/a>\n\t\t\t\t\t\t\t<a class=\"e-gallery-item elementor-gallery-item elementor-animated-content\" href=\"https:\/\/weareland.com.ar\/wp-content\/uploads\/2025\/06\/7-OLIVOS-PLAZA-DESARROLLOS-scaled.jpg\" data-elementor-open-lightbox=\"yes\" data-elementor-lightbox-slideshow=\"243c025\" data-e-action-hash=\"#elementor-action%3Aaction%3Dlightbox%26settings%3DeyJpZCI6MjgyLCJ1cmwiOiJodHRwczpcL1wvd2VhcmVsYW5kLmNvbS5hclwvd3AtY29udGVudFwvdXBsb2Fkc1wvMjAyNVwvMDZcLzctT0xJVk9TLVBMQVpBLURFU0FSUk9MTE9TLXNjYWxlZC5qcGciLCJzbGlkZXNob3ciOiIyNDNjMDI1In0%3D\">\n\t\t\t\t\t<div class=\"e-gallery-image elementor-gallery-item__image\" data-thumbnail=\"https:\/\/weareland.com.ar\/wp-content\/uploads\/2025\/06\/7-OLIVOS-PLAZA-DESARROLLOS-575x1024.jpg\" data-width=\"575\" data-height=\"1024\" aria-label=\"\" role=\"img\" ><\/div>\n\t\t\t\t\t\t\t\t\t\t\t<div class=\"elementor-gallery-item__overlay\"><\/div>\n\t\t\t\t\t\t\t\t\t\t\t\t\t\t<\/a>\n\t\t\t\t\t\t\t<a class=\"e-gallery-item elementor-gallery-item elementor-animated-content\" href=\"https:\/\/weareland.com.ar\/wp-content\/uploads\/2025\/06\/8-OLIVOS-PLAZA-DESARROLLOS.jpg\" data-elementor-open-lightbox=\"yes\" data-elementor-lightbox-slideshow=\"243c025\" data-e-action-hash=\"#elementor-action%3Aaction%3Dlightbox%26settings%3DeyJpZCI6MjgzLCJ1cmwiOiJodHRwczpcL1wvd2VhcmVsYW5kLmNvbS5hclwvd3AtY29udGVudFwvdXBsb2Fkc1wvMjAyNVwvMDZcLzgtT0xJVk9TLVBMQVpBLURFU0FSUk9MTE9TLmpwZyIsInNsaWRlc2hvdyI6IjI0M2MwMjUifQ%3D%3D\">\n\t\t\t\t\t<div class=\"e-gallery-image elementor-gallery-item__image\" data-thumbnail=\"https:\/\/weareland.com.ar\/wp-content\/uploads\/2025\/06\/8-OLIVOS-PLAZA-DESARROLLOS.jpg\" data-width=\"480\" data-height=\"640\" aria-label=\"\" role=\"img\" ><\/div>\n\t\t\t\t\t\t\t\t\t\t\t<div class=\"elementor-gallery-item__overlay\"><\/div>\n\t\t\t\t\t\t\t\t\t\t\t\t\t\t<\/a>\n\t\t\t\t\t\t\t<a class=\"e-gallery-item elementor-gallery-item elementor-animated-content\" href=\"https:\/\/weareland.com.ar\/wp-content\/uploads\/2025\/06\/9-OLIVOS-PLAZA-DESARROLLOS-scaled.jpg\" data-elementor-open-lightbox=\"yes\" data-elementor-lightbox-slideshow=\"243c025\" data-e-action-hash=\"#elementor-action%3Aaction%3Dlightbox%26settings%3DeyJpZCI6Mjg0LCJ1cmwiOiJodHRwczpcL1wvd2VhcmVsYW5kLmNvbS5hclwvd3AtY29udGVudFwvdXBsb2Fkc1wvMjAyNVwvMDZcLzktT0xJVk9TLVBMQVpBLURFU0FSUk9MTE9TLXNjYWxlZC5qcGciLCJzbGlkZXNob3ciOiIyNDNjMDI1In0%3D\">\n\t\t\t\t\t<div class=\"e-gallery-image elementor-gallery-item__image\" data-thumbnail=\"https:\/\/weareland.com.ar\/wp-content\/uploads\/2025\/06\/9-OLIVOS-PLAZA-DESARROLLOS-683x1024.jpg\" data-width=\"683\" data-height=\"1024\" aria-label=\"\" role=\"img\" ><\/div>\n\t\t\t\t\t\t\t\t\t\t\t<div class=\"elementor-gallery-item__overlay\"><\/div>\n\t\t\t\t\t\t\t\t\t\t\t\t\t\t<\/a>\n\t\t\t\t\t\t\t<a class=\"e-gallery-item elementor-gallery-item elementor-animated-content\" href=\"https:\/\/weareland.com.ar\/wp-content\/uploads\/2025\/06\/DET-EXT.3.jpg\" data-elementor-open-lightbox=\"yes\" data-elementor-lightbox-slideshow=\"243c025\" data-e-action-hash=\"#elementor-action%3Aaction%3Dlightbox%26settings%3DeyJpZCI6Mjg1LCJ1cmwiOiJodHRwczpcL1wvd2VhcmVsYW5kLmNvbS5hclwvd3AtY29udGVudFwvdXBsb2Fkc1wvMjAyNVwvMDZcL0RFVC1FWFQuMy5qcGciLCJzbGlkZXNob3ciOiIyNDNjMDI1In0%3D\">\n\t\t\t\t\t<div class=\"e-gallery-image elementor-gallery-item__image\" data-thumbnail=\"https:\/\/weareland.com.ar\/wp-content\/uploads\/2025\/06\/DET-EXT.3-1024x768.jpg\" data-width=\"1024\" data-height=\"768\" aria-label=\"\" role=\"img\" ><\/div>\n\t\t\t\t\t\t\t\t\t\t\t<div class=\"elementor-gallery-item__overlay\"><\/div>\n\t\t\t\t\t\t\t\t\t\t\t\t\t\t<\/a>\n\t\t\t\t\t<\/div>\n\t\t\t\t\t<\/div>\n\t\t\t\t<\/div>\n\t\t\t\t\t<\/div>\n\t\t\t\t<\/div>\n\t\t\t\t<\/div>\n\t\t","protected":false},"excerpt":{"rendered":"<p>Olivos Plaza . Olivos . Buenos Aires (Construido) LANDWORKS\u00a0 PROYECTO ARQUITECTONICO + DOCUMENTACION Edificio de doble frente de ladrillo coronado con una manzarda inclinada de chapa negra con aventanamientos cenitales para los lofts. Las aberturas de hierro est\u00e1n enmarcadas por dinteles y antepechos de hormig\u00f3n moldurado. Cada unidad cuenta con grandes balcones aterrazados que se&hellip;&nbsp;<a href=\"https:\/\/weareland.com.ar\/index.php\/olivosplaza\/\" rel=\"bookmark\"><span class=\"screen-reader-text\">OLIVOSPLAZA<\/span><\/a><\/p>\n","protected":false},"author":1,"featured_media":0,"parent":0,"menu_order":0,"comment_status":"closed","ping_status":"closed","template":"page-templates\/template-pagebuilder-full-width.php","meta":{"neve_meta_sidebar":"","neve_meta_container":"","neve_meta_enable_content_width":"","neve_meta_content_width":0,"neve_meta_title_alignment":"","neve_meta_author_avatar":"","neve_post_elements_order":"","neve_meta_disable_header":"","neve_meta_disable_footer":"","neve_meta_disable_title":"","neve_meta_reading_time":"","footnotes":""},"class_list":["post-274","page","type-page","status-publish","hentry"],"_links":{"self":[{"href":"https:\/\/weareland.com.ar\/index.php\/wp-json\/wp\/v2\/pages\/274","targetHints":{"allow":["GET"]}}],"collection":[{"href":"https:\/\/weareland.com.ar\/index.php\/wp-json\/wp\/v2\/pages"}],"about":[{"href":"https:\/\/weareland.com.ar\/index.php\/wp-json\/wp\/v2\/types\/page"}],"author":[{"embeddable":true,"href":"https:\/\/weareland.com.ar\/index.php\/wp-json\/wp\/v2\/users\/1"}],"replies":[{"embeddable":true,"href":"https:\/\/weareland.com.ar\/index.php\/wp-json\/wp\/v2\/comments?post=274"}],"version-history":[{"count":13,"href":"https:\/\/weareland.com.ar\/index.php\/wp-json\/wp\/v2\/pages\/274\/revisions"}],"predecessor-version":[{"id":727,"href":"https:\/\/weareland.com.ar\/index.php\/wp-json\/wp\/v2\/pages\/274\/revisions\/727"}],"wp:attachment":[{"href":"https:\/\/weareland.com.ar\/index.php\/wp-json\/wp\/v2\/media?parent=274"}],"curies":[{"name":"wp","href":"https:\/\/api.w.org\/{rel}","templated":true}]}}