{"id":219,"date":"2025-06-25T16:20:55","date_gmt":"2025-06-25T19:20:55","guid":{"rendered":"https:\/\/weareland.com.ar\/?page_id=219"},"modified":"2025-10-24T16:56:39","modified_gmt":"2025-10-24T19:56:39","slug":"chicago1","status":"publish","type":"page","link":"https:\/\/weareland.com.ar\/index.php\/chicago1\/","title":{"rendered":"CHICAGO1"},"content":{"rendered":"\t\t<div data-elementor-type=\"wp-page\" data-elementor-id=\"219\" class=\"elementor elementor-219\" data-elementor-post-type=\"page\">\n\t\t\t\t<div class=\"elementor-element elementor-element-fda3044 e-flex e-con-boxed e-con e-parent\" data-id=\"fda3044\" data-element_type=\"container\">\n\t\t\t\t\t<div class=\"e-con-inner\">\n\t\t\t\t<div class=\"elementor-element elementor-element-a2526c2 elementor-widget elementor-widget-spacer\" data-id=\"a2526c2\" data-element_type=\"widget\" data-widget_type=\"spacer.default\">\n\t\t\t\t<div class=\"elementor-widget-container\">\n\t\t\t\t\t\t\t<div class=\"elementor-spacer\">\n\t\t\t<div class=\"elementor-spacer-inner\"><\/div>\n\t\t<\/div>\n\t\t\t\t\t\t<\/div>\n\t\t\t\t<\/div>\n\t\t\t\t\t<\/div>\n\t\t\t\t<\/div>\n\t\t<div class=\"elementor-element elementor-element-e700697 e-flex e-con-boxed e-con e-parent\" data-id=\"e700697\" data-element_type=\"container\">\n\t\t\t\t\t<div class=\"e-con-inner\">\n\t\t\t\t<div class=\"elementor-element elementor-element-c171d53 elementor-widget elementor-widget-heading\" data-id=\"c171d53\" data-element_type=\"widget\" data-widget_type=\"heading.default\">\n\t\t\t\t<div class=\"elementor-widget-container\">\n\t\t\t\t\t<h2 class=\"elementor-heading-title elementor-size-default\">Chicago I . Fitz Roy 1447 . Palermo Hollywood (Construido)<\/h2>\t\t\t\t<\/div>\n\t\t\t\t<\/div>\n\t\t\t\t\t<\/div>\n\t\t\t\t<\/div>\n\t\t<div class=\"elementor-element elementor-element-11b4c9a e-flex e-con-boxed e-con e-parent\" data-id=\"11b4c9a\" data-element_type=\"container\">\n\t\t\t\t\t<div class=\"e-con-inner\">\n\t\t\t\t<div class=\"elementor-element elementor-element-79a71a8 elementor-widget elementor-widget-text-editor\" data-id=\"79a71a8\" data-element_type=\"widget\" data-widget_type=\"text-editor.default\">\n\t\t\t\t<div class=\"elementor-widget-container\">\n\t\t\t\t\t\t\t\t\t<p>LANDWORKS DESARROLLO INMOBILIARIO + PROYECTO ARQUITECTONICO + DIRECCION + CONSTRUCCION<\/p><p>Fue el primer edificio boutique construido en Palermo Hollywood de pocas 7 unidades. 3 Pisos y 4 semipisos y amenities. Edificio con escala humana. Cuidada arquitectura identificable y perdurable con bajo costo de mantenimiento. Propone una din\u00e1mica espacialidad, m\u00e1xima calidad en la resoluci\u00f3n de detalles, y propuesta de espacios interiores vivibles que acompa\u00f1an el d\u00eda a d\u00eda de sus propietarios. Fachadas de ladrillo a la vista, grandes carpinter\u00edas de hierro y vidrio repartido enmarcadas por molduras de hormig\u00f3n. Detalles art dec\u00f3 de hierro ornamental como el ascensor tipo montacargas de hierro y las barandas. Estetica muy Soho. Sup. 1800 m2 Cubiertos.<\/p>\t\t\t\t\t\t\t\t<\/div>\n\t\t\t\t<\/div>\n\t\t\t\t\t<\/div>\n\t\t\t\t<\/div>\n\t\t<div class=\"elementor-element elementor-element-8b64d0f e-con-full e-flex e-con e-parent\" data-id=\"8b64d0f\" data-element_type=\"container\">\n\t\t<div class=\"elementor-element elementor-element-2a074a9 e-con-full e-flex e-con e-child\" data-id=\"2a074a9\" data-element_type=\"container\">\n\t\t\t\t<div class=\"elementor-element elementor-element-215a33c elementor-widget elementor-widget-gallery\" data-id=\"215a33c\" data-element_type=\"widget\" data-settings=\"{&quot;columns&quot;:3,&quot;aspect_ratio&quot;:&quot;1:1&quot;,&quot;lazyload&quot;:&quot;yes&quot;,&quot;gallery_layout&quot;:&quot;grid&quot;,&quot;columns_tablet&quot;:2,&quot;columns_mobile&quot;:1,&quot;gap&quot;:{&quot;unit&quot;:&quot;px&quot;,&quot;size&quot;:10,&quot;sizes&quot;:[]},&quot;gap_tablet&quot;:{&quot;unit&quot;:&quot;px&quot;,&quot;size&quot;:10,&quot;sizes&quot;:[]},&quot;gap_mobile&quot;:{&quot;unit&quot;:&quot;px&quot;,&quot;size&quot;:10,&quot;sizes&quot;:[]},&quot;link_to&quot;:&quot;file&quot;,&quot;overlay_background&quot;:&quot;yes&quot;,&quot;content_hover_animation&quot;:&quot;fade-in&quot;}\" data-widget_type=\"gallery.default\">\n\t\t\t\t<div class=\"elementor-widget-container\">\n\t\t\t\t\t\t\t<div class=\"elementor-gallery__container\">\n\t\t\t\t\t\t\t<a class=\"e-gallery-item elementor-gallery-item elementor-animated-content\" href=\"https:\/\/weareland.com.ar\/wp-content\/uploads\/2025\/06\/1-CH-1-DESARROLLOS-scaled.jpg\" data-elementor-open-lightbox=\"yes\" data-elementor-lightbox-slideshow=\"215a33c\" data-e-action-hash=\"#elementor-action%3Aaction%3Dlightbox%26settings%3DeyJpZCI6MjM3LCJ1cmwiOiJodHRwczpcL1wvd2VhcmVsYW5kLmNvbS5hclwvd3AtY29udGVudFwvdXBsb2Fkc1wvMjAyNVwvMDZcLzEtQ0gtMS1ERVNBUlJPTExPUy1zY2FsZWQuanBnIiwic2xpZGVzaG93IjoiMjE1YTMzYyJ9\">\n\t\t\t\t\t<div class=\"e-gallery-image elementor-gallery-item__image\" data-thumbnail=\"https:\/\/weareland.com.ar\/wp-content\/uploads\/2025\/06\/1-CH-1-DESARROLLOS-554x1024.jpg\" data-width=\"554\" data-height=\"1024\" aria-label=\"\" role=\"img\" ><\/div>\n\t\t\t\t\t\t\t\t\t\t\t<div class=\"elementor-gallery-item__overlay\"><\/div>\n\t\t\t\t\t\t\t\t\t\t\t\t\t\t<\/a>\n\t\t\t\t\t\t\t<a class=\"e-gallery-item elementor-gallery-item elementor-animated-content\" href=\"https:\/\/weareland.com.ar\/wp-content\/uploads\/2025\/06\/2-Ch-1_DESARROLLOS-1.jpg\" data-elementor-open-lightbox=\"yes\" data-elementor-lightbox-slideshow=\"215a33c\" data-e-action-hash=\"#elementor-action%3Aaction%3Dlightbox%26settings%3DeyJpZCI6MjM4LCJ1cmwiOiJodHRwczpcL1wvd2VhcmVsYW5kLmNvbS5hclwvd3AtY29udGVudFwvdXBsb2Fkc1wvMjAyNVwvMDZcLzItQ2gtMV9ERVNBUlJPTExPUy0xLmpwZyIsInNsaWRlc2hvdyI6IjIxNWEzM2MifQ%3D%3D\">\n\t\t\t\t\t<div class=\"e-gallery-image elementor-gallery-item__image\" data-thumbnail=\"https:\/\/weareland.com.ar\/wp-content\/uploads\/2025\/06\/2-Ch-1_DESARROLLOS-1-1024x695.jpg\" data-width=\"1024\" data-height=\"695\" aria-label=\"\" role=\"img\" ><\/div>\n\t\t\t\t\t\t\t\t\t\t\t<div class=\"elementor-gallery-item__overlay\"><\/div>\n\t\t\t\t\t\t\t\t\t\t\t\t\t\t<\/a>\n\t\t\t\t\t\t\t<a class=\"e-gallery-item elementor-gallery-item elementor-animated-content\" href=\"https:\/\/weareland.com.ar\/wp-content\/uploads\/2025\/06\/3-CH1-DESARROLLOS.jpg\" data-elementor-open-lightbox=\"yes\" data-elementor-lightbox-slideshow=\"215a33c\" data-e-action-hash=\"#elementor-action%3Aaction%3Dlightbox%26settings%3DeyJpZCI6MjM5LCJ1cmwiOiJodHRwczpcL1wvd2VhcmVsYW5kLmNvbS5hclwvd3AtY29udGVudFwvdXBsb2Fkc1wvMjAyNVwvMDZcLzMtQ0gxLURFU0FSUk9MTE9TLmpwZyIsInNsaWRlc2hvdyI6IjIxNWEzM2MifQ%3D%3D\">\n\t\t\t\t\t<div class=\"e-gallery-image elementor-gallery-item__image\" data-thumbnail=\"https:\/\/weareland.com.ar\/wp-content\/uploads\/2025\/06\/3-CH1-DESARROLLOS.jpg\" data-width=\"640\" data-height=\"427\" aria-label=\"\" role=\"img\" ><\/div>\n\t\t\t\t\t\t\t\t\t\t\t<div class=\"elementor-gallery-item__overlay\"><\/div>\n\t\t\t\t\t\t\t\t\t\t\t\t\t\t<\/a>\n\t\t\t\t\t\t\t<a class=\"e-gallery-item elementor-gallery-item elementor-animated-content\" href=\"https:\/\/weareland.com.ar\/wp-content\/uploads\/2025\/06\/4-CH1-DESARROLLOS.jpg\" data-elementor-open-lightbox=\"yes\" data-elementor-lightbox-slideshow=\"215a33c\" data-e-action-hash=\"#elementor-action%3Aaction%3Dlightbox%26settings%3DeyJpZCI6MjQwLCJ1cmwiOiJodHRwczpcL1wvd2VhcmVsYW5kLmNvbS5hclwvd3AtY29udGVudFwvdXBsb2Fkc1wvMjAyNVwvMDZcLzQtQ0gxLURFU0FSUk9MTE9TLmpwZyIsInNsaWRlc2hvdyI6IjIxNWEzM2MifQ%3D%3D\">\n\t\t\t\t\t<div class=\"e-gallery-image elementor-gallery-item__image\" data-thumbnail=\"https:\/\/weareland.com.ar\/wp-content\/uploads\/2025\/06\/4-CH1-DESARROLLOS.jpg\" data-width=\"640\" data-height=\"427\" aria-label=\"\" role=\"img\" ><\/div>\n\t\t\t\t\t\t\t\t\t\t\t<div class=\"elementor-gallery-item__overlay\"><\/div>\n\t\t\t\t\t\t\t\t\t\t\t\t\t\t<\/a>\n\t\t\t\t\t\t\t<a class=\"e-gallery-item elementor-gallery-item elementor-animated-content\" href=\"https:\/\/weareland.com.ar\/wp-content\/uploads\/2025\/06\/5-CH1-DESAROLLOS.jpg\" data-elementor-open-lightbox=\"yes\" data-elementor-lightbox-slideshow=\"215a33c\" data-e-action-hash=\"#elementor-action%3Aaction%3Dlightbox%26settings%3DeyJpZCI6MjQxLCJ1cmwiOiJodHRwczpcL1wvd2VhcmVsYW5kLmNvbS5hclwvd3AtY29udGVudFwvdXBsb2Fkc1wvMjAyNVwvMDZcLzUtQ0gxLURFU0FST0xMT1MuanBnIiwic2xpZGVzaG93IjoiMjE1YTMzYyJ9\">\n\t\t\t\t\t<div class=\"e-gallery-image elementor-gallery-item__image\" data-thumbnail=\"https:\/\/weareland.com.ar\/wp-content\/uploads\/2025\/06\/5-CH1-DESAROLLOS.jpg\" data-width=\"427\" data-height=\"640\" aria-label=\"\" role=\"img\" ><\/div>\n\t\t\t\t\t\t\t\t\t\t\t<div class=\"elementor-gallery-item__overlay\"><\/div>\n\t\t\t\t\t\t\t\t\t\t\t\t\t\t<\/a>\n\t\t\t\t\t\t\t<a class=\"e-gallery-item elementor-gallery-item elementor-animated-content\" href=\"https:\/\/weareland.com.ar\/wp-content\/uploads\/2025\/06\/6-CH-1-DESARROLLOS.jpg\" data-elementor-open-lightbox=\"yes\" data-elementor-lightbox-slideshow=\"215a33c\" data-e-action-hash=\"#elementor-action%3Aaction%3Dlightbox%26settings%3DeyJpZCI6MjQyLCJ1cmwiOiJodHRwczpcL1wvd2VhcmVsYW5kLmNvbS5hclwvd3AtY29udGVudFwvdXBsb2Fkc1wvMjAyNVwvMDZcLzYtQ0gtMS1ERVNBUlJPTExPUy5qcGciLCJzbGlkZXNob3ciOiIyMTVhMzNjIn0%3D\">\n\t\t\t\t\t<div class=\"e-gallery-image elementor-gallery-item__image\" data-thumbnail=\"https:\/\/weareland.com.ar\/wp-content\/uploads\/2025\/06\/6-CH-1-DESARROLLOS.jpg\" data-width=\"427\" data-height=\"640\" aria-label=\"\" role=\"img\" ><\/div>\n\t\t\t\t\t\t\t\t\t\t\t<div class=\"elementor-gallery-item__overlay\"><\/div>\n\t\t\t\t\t\t\t\t\t\t\t\t\t\t<\/a>\n\t\t\t\t\t\t\t<a class=\"e-gallery-item elementor-gallery-item elementor-animated-content\" href=\"https:\/\/weareland.com.ar\/wp-content\/uploads\/2025\/06\/7-CH-1-DESARROLLOS-scaled.jpg\" data-elementor-open-lightbox=\"yes\" data-elementor-lightbox-slideshow=\"215a33c\" data-e-action-hash=\"#elementor-action%3Aaction%3Dlightbox%26settings%3DeyJpZCI6MjQzLCJ1cmwiOiJodHRwczpcL1wvd2VhcmVsYW5kLmNvbS5hclwvd3AtY29udGVudFwvdXBsb2Fkc1wvMjAyNVwvMDZcLzctQ0gtMS1ERVNBUlJPTExPUy1zY2FsZWQuanBnIiwic2xpZGVzaG93IjoiMjE1YTMzYyJ9\">\n\t\t\t\t\t<div class=\"e-gallery-image elementor-gallery-item__image\" data-thumbnail=\"https:\/\/weareland.com.ar\/wp-content\/uploads\/2025\/06\/7-CH-1-DESARROLLOS-497x1024.jpg\" data-width=\"497\" data-height=\"1024\" aria-label=\"\" role=\"img\" ><\/div>\n\t\t\t\t\t\t\t\t\t\t\t<div class=\"elementor-gallery-item__overlay\"><\/div>\n\t\t\t\t\t\t\t\t\t\t\t\t\t\t<\/a>\n\t\t\t\t\t\t\t<a class=\"e-gallery-item elementor-gallery-item elementor-animated-content\" href=\"https:\/\/weareland.com.ar\/wp-content\/uploads\/2025\/06\/8-CH-1-DESARROLLO.jpg\" data-elementor-open-lightbox=\"yes\" data-elementor-lightbox-slideshow=\"215a33c\" data-e-action-hash=\"#elementor-action%3Aaction%3Dlightbox%26settings%3DeyJpZCI6MjQ0LCJ1cmwiOiJodHRwczpcL1wvd2VhcmVsYW5kLmNvbS5hclwvd3AtY29udGVudFwvdXBsb2Fkc1wvMjAyNVwvMDZcLzgtQ0gtMS1ERVNBUlJPTExPLmpwZyIsInNsaWRlc2hvdyI6IjIxNWEzM2MifQ%3D%3D\">\n\t\t\t\t\t<div class=\"e-gallery-image elementor-gallery-item__image\" data-thumbnail=\"https:\/\/weareland.com.ar\/wp-content\/uploads\/2025\/06\/8-CH-1-DESARROLLO.jpg\" data-width=\"1024\" data-height=\"630\" aria-label=\"\" role=\"img\" ><\/div>\n\t\t\t\t\t\t\t\t\t\t\t<div class=\"elementor-gallery-item__overlay\"><\/div>\n\t\t\t\t\t\t\t\t\t\t\t\t\t\t<\/a>\n\t\t\t\t\t\t\t<a class=\"e-gallery-item elementor-gallery-item elementor-animated-content\" href=\"https:\/\/weareland.com.ar\/wp-content\/uploads\/2025\/06\/8-CH-I-DESARROLLOS.jpg\" data-elementor-open-lightbox=\"yes\" data-elementor-lightbox-slideshow=\"215a33c\" data-e-action-hash=\"#elementor-action%3Aaction%3Dlightbox%26settings%3DeyJpZCI6MjQ1LCJ1cmwiOiJodHRwczpcL1wvd2VhcmVsYW5kLmNvbS5hclwvd3AtY29udGVudFwvdXBsb2Fkc1wvMjAyNVwvMDZcLzgtQ0gtSS1ERVNBUlJPTExPUy5qcGciLCJzbGlkZXNob3ciOiIyMTVhMzNjIn0%3D\">\n\t\t\t\t\t<div class=\"e-gallery-image elementor-gallery-item__image\" data-thumbnail=\"https:\/\/weareland.com.ar\/wp-content\/uploads\/2025\/06\/8-CH-I-DESARROLLOS.jpg\" data-width=\"427\" data-height=\"640\" aria-label=\"\" role=\"img\" ><\/div>\n\t\t\t\t\t\t\t\t\t\t\t<div class=\"elementor-gallery-item__overlay\"><\/div>\n\t\t\t\t\t\t\t\t\t\t\t\t\t\t<\/a>\n\t\t\t\t\t\t\t<a class=\"e-gallery-item elementor-gallery-item elementor-animated-content\" href=\"https:\/\/weareland.com.ar\/wp-content\/uploads\/2025\/06\/9-CH-1-DESARROLLO-scaled.jpg\" data-elementor-open-lightbox=\"yes\" data-elementor-lightbox-slideshow=\"215a33c\" data-e-action-hash=\"#elementor-action%3Aaction%3Dlightbox%26settings%3DeyJpZCI6MjQ2LCJ1cmwiOiJodHRwczpcL1wvd2VhcmVsYW5kLmNvbS5hclwvd3AtY29udGVudFwvdXBsb2Fkc1wvMjAyNVwvMDZcLzktQ0gtMS1ERVNBUlJPTExPLXNjYWxlZC5qcGciLCJzbGlkZXNob3ciOiIyMTVhMzNjIn0%3D\">\n\t\t\t\t\t<div class=\"e-gallery-image elementor-gallery-item__image\" data-thumbnail=\"https:\/\/weareland.com.ar\/wp-content\/uploads\/2025\/06\/9-CH-1-DESARROLLO-683x1024.jpg\" data-width=\"683\" data-height=\"1024\" aria-label=\"\" role=\"img\" ><\/div>\n\t\t\t\t\t\t\t\t\t\t\t<div class=\"elementor-gallery-item__overlay\"><\/div>\n\t\t\t\t\t\t\t\t\t\t\t\t\t\t<\/a>\n\t\t\t\t\t\t\t<a class=\"e-gallery-item elementor-gallery-item elementor-animated-content\" href=\"https:\/\/weareland.com.ar\/wp-content\/uploads\/2025\/06\/11-CH-1-desarrollos.jpg\" data-elementor-open-lightbox=\"yes\" data-elementor-lightbox-slideshow=\"215a33c\" data-e-action-hash=\"#elementor-action%3Aaction%3Dlightbox%26settings%3DeyJpZCI6MjQ3LCJ1cmwiOiJodHRwczpcL1wvd2VhcmVsYW5kLmNvbS5hclwvd3AtY29udGVudFwvdXBsb2Fkc1wvMjAyNVwvMDZcLzExLUNILTEtZGVzYXJyb2xsb3MuanBnIiwic2xpZGVzaG93IjoiMjE1YTMzYyJ9\">\n\t\t\t\t\t<div class=\"e-gallery-image elementor-gallery-item__image\" data-thumbnail=\"https:\/\/weareland.com.ar\/wp-content\/uploads\/2025\/06\/11-CH-1-desarrollos-878x1024.jpg\" data-width=\"878\" data-height=\"1024\" aria-label=\"\" role=\"img\" ><\/div>\n\t\t\t\t\t\t\t\t\t\t\t<div class=\"elementor-gallery-item__overlay\"><\/div>\n\t\t\t\t\t\t\t\t\t\t\t\t\t\t<\/a>\n\t\t\t\t\t<\/div>\n\t\t\t\t\t<\/div>\n\t\t\t\t<\/div>\n\t\t\t\t<\/div>\n\t\t\t\t<\/div>\n\t\t\t\t<\/div>\n\t\t","protected":false},"excerpt":{"rendered":"<p>Chicago I . Fitz Roy 1447 . Palermo Hollywood (Construido) LANDWORKS DESARROLLO INMOBILIARIO + PROYECTO ARQUITECTONICO + DIRECCION + CONSTRUCCION Fue el primer edificio boutique construido en Palermo Hollywood de pocas 7 unidades. 3 Pisos y 4 semipisos y amenities. Edificio con escala humana. Cuidada arquitectura identificable y perdurable con bajo costo de mantenimiento. Propone&hellip;&nbsp;<a href=\"https:\/\/weareland.com.ar\/index.php\/chicago1\/\" rel=\"bookmark\"><span class=\"screen-reader-text\">CHICAGO1<\/span><\/a><\/p>\n","protected":false},"author":1,"featured_media":0,"parent":0,"menu_order":0,"comment_status":"closed","ping_status":"closed","template":"page-templates\/template-pagebuilder-full-width.php","meta":{"neve_meta_sidebar":"","neve_meta_container":"","neve_meta_enable_content_width":"","neve_meta_content_width":0,"neve_meta_title_alignment":"","neve_meta_author_avatar":"","neve_post_elements_order":"","neve_meta_disable_header":"","neve_meta_disable_footer":"","neve_meta_disable_title":"","neve_meta_reading_time":"","footnotes":""},"class_list":["post-219","page","type-page","status-publish","hentry"],"_links":{"self":[{"href":"https:\/\/weareland.com.ar\/index.php\/wp-json\/wp\/v2\/pages\/219","targetHints":{"allow":["GET"]}}],"collection":[{"href":"https:\/\/weareland.com.ar\/index.php\/wp-json\/wp\/v2\/pages"}],"about":[{"href":"https:\/\/weareland.com.ar\/index.php\/wp-json\/wp\/v2\/types\/page"}],"author":[{"embeddable":true,"href":"https:\/\/weareland.com.ar\/index.php\/wp-json\/wp\/v2\/users\/1"}],"replies":[{"embeddable":true,"href":"https:\/\/weareland.com.ar\/index.php\/wp-json\/wp\/v2\/comments?post=219"}],"version-history":[{"count":16,"href":"https:\/\/weareland.com.ar\/index.php\/wp-json\/wp\/v2\/pages\/219\/revisions"}],"predecessor-version":[{"id":714,"href":"https:\/\/weareland.com.ar\/index.php\/wp-json\/wp\/v2\/pages\/219\/revisions\/714"}],"wp:attachment":[{"href":"https:\/\/weareland.com.ar\/index.php\/wp-json\/wp\/v2\/media?parent=219"}],"curies":[{"name":"wp","href":"https:\/\/api.w.org\/{rel}","templated":true}]}}