{"id":16,"date":"2025-06-18T11:55:40","date_gmt":"2025-06-18T14:55:40","guid":{"rendered":"https:\/\/weareland.com.ar\/?page_id=16"},"modified":"2025-10-10T14:34:08","modified_gmt":"2025-10-10T17:34:08","slug":"intro","status":"publish","type":"page","link":"https:\/\/weareland.com.ar\/","title":{"rendered":"intro"},"content":{"rendered":"\t\t<div data-elementor-type=\"wp-page\" data-elementor-id=\"16\" class=\"elementor elementor-16\" data-elementor-post-type=\"page\">\n\t\t\t\t<div class=\"elementor-element elementor-element-9d5c724 e-flex e-con-boxed e-con e-parent\" data-id=\"9d5c724\" data-element_type=\"container\">\n\t\t\t\t\t<div class=\"e-con-inner\">\n\t\t\t\t<div class=\"elementor-element elementor-element-d04e316 elementor-widget elementor-widget-spacer\" data-id=\"d04e316\" data-element_type=\"widget\" data-widget_type=\"spacer.default\">\n\t\t\t\t<div class=\"elementor-widget-container\">\n\t\t\t\t\t\t\t<div class=\"elementor-spacer\">\n\t\t\t<div class=\"elementor-spacer-inner\"><\/div>\n\t\t<\/div>\n\t\t\t\t\t\t<\/div>\n\t\t\t\t<\/div>\n\t\t\t\t\t<\/div>\n\t\t\t\t<\/div>\n\t\t<div class=\"elementor-element elementor-element-e212585 e-flex e-con-boxed e-con e-parent\" data-id=\"e212585\" data-element_type=\"container\">\n\t\t\t\t\t<div class=\"e-con-inner\">\n\t\t\t\t<div class=\"elementor-element elementor-element-0180502 elementor-widget elementor-widget-heading\" data-id=\"0180502\" data-element_type=\"widget\" data-widget_type=\"heading.default\">\n\t\t\t\t<div class=\"elementor-widget-container\">\n\t\t\t\t\t<h2 class=\"elementor-heading-title elementor-size-default\">Tenemos una filosofia Holistica del dise\u00f1o<\/h2>\t\t\t\t<\/div>\n\t\t\t\t<\/div>\n\t\t\t\t\t<\/div>\n\t\t\t\t<\/div>\n\t\t<div class=\"elementor-element elementor-element-3e4cdd9 e-flex e-con-boxed e-con e-parent\" data-id=\"3e4cdd9\" data-element_type=\"container\">\n\t\t\t\t\t<div class=\"e-con-inner\">\n\t\t\t\t<div class=\"elementor-element elementor-element-5bf40e6 elementor-widget elementor-widget-text-editor\" data-id=\"5bf40e6\" data-element_type=\"widget\" data-widget_type=\"text-editor.default\">\n\t\t\t\t<div class=\"elementor-widget-container\">\n\t\t\t\t\t\t\t\t\t<p>Escuchar a nuestros clientes inicia un proceso reflexivo de dise\u00f1o. Buscamos conocer no solo sus gustos est\u00e9ticos y sus necesidades funcionales sino tambi\u00e9n su estilo de vida, su historia, sus aspiraciones y valores personales.<br \/>Proponemos un equilibrio arm\u00f3nico entre la expresividad arquitect\u00f3nica, la est\u00e9tica, la funcionalidad, los recursos econ\u00f3micos y t\u00e9cnicos, la sustentabilidad y el v\u00ednculo con el entorno entre otros.<br \/>La relaci\u00f3n entre la proporci\u00f3n de los espacios interiores, la optimizaci\u00f3n de la luz natural, la fluidez espacial, el juego de colores y texturas, el v\u00ednculo natural interior-exterior, la elecci\u00f3n de materiales entre otros inciden directamente en la percepci\u00f3n de bienestar y la calidad de vida que genera un lugar.\u00a0\u00a0\u00a0\u00a0\u00a0\u00a0\u00a0\u00a0\u00a0\u00a0\u00a0<br \/>Nuestro objetivo es generar proyectos atractivos est\u00e9ticamente que vinculen al cliente con su filosof\u00eda de vida. Espacios personalizados que promuevan el bienestar f\u00edsico, emocional y espiritual de quien los habite. La cuidadosa elecci\u00f3n de cada una de las partes que conforman el dise\u00f1o tiene un impacto significativo en la percepci\u00f3n y la experiencia del espacio. La armonia espacial estimula la creatividad, es inspiradora da la sensaci\u00f3n de bienestar y de confort.<\/p>\t\t\t\t\t\t\t\t<\/div>\n\t\t\t\t<\/div>\n\t\t\t\t\t<\/div>\n\t\t\t\t<\/div>\n\t\t<div class=\"elementor-element elementor-element-7878835 e-flex e-con-boxed e-con e-parent\" data-id=\"7878835\" data-element_type=\"container\">\n\t\t\t\t\t<div class=\"e-con-inner\">\n\t\t\t\t<div class=\"elementor-element elementor-element-d87f7af elementor-widget elementor-widget-spacer\" data-id=\"d87f7af\" data-element_type=\"widget\" data-widget_type=\"spacer.default\">\n\t\t\t\t<div class=\"elementor-widget-container\">\n\t\t\t\t\t\t\t<div class=\"elementor-spacer\">\n\t\t\t<div class=\"elementor-spacer-inner\"><\/div>\n\t\t<\/div>\n\t\t\t\t\t\t<\/div>\n\t\t\t\t<\/div>\n\t\t\t\t\t<\/div>\n\t\t\t\t<\/div>\n\t\t<div class=\"elementor-element elementor-element-03ee8bb e-grid e-con-boxed e-con e-parent\" data-id=\"03ee8bb\" data-element_type=\"container\">\n\t\t\t\t\t<div class=\"e-con-inner\">\n\t\t\t\t<div class=\"elementor-element elementor-element-035687c elementor-widget elementor-widget-image\" data-id=\"035687c\" data-element_type=\"widget\" data-widget_type=\"image.default\">\n\t\t\t\t<div class=\"elementor-widget-container\">\n\t\t\t\t\t\t\t\t\t\t\t\t\t\t\t<img fetchpriority=\"high\" decoding=\"async\" width=\"2560\" height=\"850\" src=\"https:\/\/weareland.com.ar\/wp-content\/uploads\/2025\/06\/filosofia-scaled.jpg\" class=\"attachment-full size-full wp-image-40\" alt=\"\" srcset=\"https:\/\/weareland.com.ar\/wp-content\/uploads\/2025\/06\/filosofia-scaled.jpg 2560w, https:\/\/weareland.com.ar\/wp-content\/uploads\/2025\/06\/filosofia-300x100.jpg 300w, https:\/\/weareland.com.ar\/wp-content\/uploads\/2025\/06\/filosofia-1024x340.jpg 1024w, https:\/\/weareland.com.ar\/wp-content\/uploads\/2025\/06\/filosofia-768x255.jpg 768w, https:\/\/weareland.com.ar\/wp-content\/uploads\/2025\/06\/filosofia-1536x510.jpg 1536w, https:\/\/weareland.com.ar\/wp-content\/uploads\/2025\/06\/filosofia-2048x680.jpg 2048w\" sizes=\"(max-width: 2560px) 100vw, 2560px\" \/>\t\t\t\t\t\t\t\t\t\t\t\t\t\t\t<\/div>\n\t\t\t\t<\/div>\n\t\t\t\t\t<\/div>\n\t\t\t\t<\/div>\n\t\t<div class=\"elementor-element elementor-element-092e492 e-flex e-con-boxed e-con e-parent\" data-id=\"092e492\" data-element_type=\"container\">\n\t\t\t\t\t<div class=\"e-con-inner\">\n\t\t\t\t<div class=\"elementor-element elementor-element-c4a5c22 elementor-widget elementor-widget-spacer\" data-id=\"c4a5c22\" data-element_type=\"widget\" data-widget_type=\"spacer.default\">\n\t\t\t\t<div class=\"elementor-widget-container\">\n\t\t\t\t\t\t\t<div class=\"elementor-spacer\">\n\t\t\t<div class=\"elementor-spacer-inner\"><\/div>\n\t\t<\/div>\n\t\t\t\t\t\t<\/div>\n\t\t\t\t<\/div>\n\t\t\t\t\t<\/div>\n\t\t\t\t<\/div>\n\t\t<div class=\"elementor-element elementor-element-5b53a60 e-flex e-con-boxed e-con e-parent\" data-id=\"5b53a60\" data-element_type=\"container\">\n\t\t\t\t\t<div class=\"e-con-inner\">\n\t\t<div class=\"elementor-element elementor-element-c3642ea e-con-full e-flex e-con e-child\" data-id=\"c3642ea\" data-element_type=\"container\">\n\t\t\t\t<div class=\"elementor-element elementor-element-e70fe59 elementor-widget elementor-widget-heading\" data-id=\"e70fe59\" data-element_type=\"widget\" data-widget_type=\"heading.default\">\n\t\t\t\t<div class=\"elementor-widget-container\">\n\t\t\t\t\t<h2 class=\"elementor-heading-title elementor-size-default\">N O S O T R O S<\/h2>\t\t\t\t<\/div>\n\t\t\t\t<\/div>\n\t\t\t\t<\/div>\n\t\t<div class=\"elementor-element elementor-element-115d671 e-con-full e-flex e-con e-child\" data-id=\"115d671\" data-element_type=\"container\">\n\t\t\t\t<div class=\"elementor-element elementor-element-0fd6c8c elementor-widget elementor-widget-text-editor\" data-id=\"0fd6c8c\" data-element_type=\"widget\" data-widget_type=\"text-editor.default\">\n\t\t\t\t<div class=\"elementor-widget-container\">\n\t\t\t\t\t\t\t\t\t<p>Somos LAND WORKS un estudio de Arquitectura y Dise\u00f1o Interior boutique, dirigido por la Arquitecta Andrea Lopez Amitrano egresada de la UBA y con una especializaci\u00f3n en Dise\u00f1o Interior en Paris.<\/p>\t\t\t\t\t\t\t\t<\/div>\n\t\t\t\t<\/div>\n\t\t\t\t<div class=\"elementor-element elementor-element-0cc205e elementor-widget elementor-widget-text-editor\" data-id=\"0cc205e\" data-element_type=\"widget\" data-widget_type=\"text-editor.default\">\n\t\t\t\t<div class=\"elementor-widget-container\">\n\t\t\t\t\t\t\t\t\t<p>Contamos con una vasta experiencia en la realizaci\u00f3n de proyectos y obras de arquitectura mayormente residenciales de distintas escalas.<br \/>Nuestra mirada hol\u00edstica de la arquitectura y del dise\u00f1o interior se suma al profundo conocimiento de los procesos t\u00e9cnicos y constructivos que requiere la materializaci\u00f3n arquitect\u00f3nica.<br \/>En nuestros proyectos se funde la ARQUITECTURA con el DISE\u00d1O INTERIOR lo pensamos como un todo. El objetivo es alcanzar un equilibrio entre arte, funcionalidad, t\u00e9cnica y l\u00edneas de sobriedad atemporal libre de toda tendencia de momento.<br \/>Nuestro trabajo se desarrolla en las siguientes \u00e1reas.<br \/>Arquitectura + Dise\u00f1o Interior + Desarrollos inmobiliarios + Dise\u00f1o de Mobiliario a medida.<\/p>\t\t\t\t\t\t\t\t<\/div>\n\t\t\t\t<\/div>\n\t\t\t\t<\/div>\n\t\t\t\t\t<\/div>\n\t\t\t\t<\/div>\n\t\t<div class=\"elementor-element elementor-element-80e9384 e-flex e-con-boxed e-con e-parent\" data-id=\"80e9384\" data-element_type=\"container\">\n\t\t\t\t\t<div class=\"e-con-inner\">\n\t\t\t\t<div class=\"elementor-element elementor-element-8b89c1e elementor-widget elementor-widget-spacer\" data-id=\"8b89c1e\" data-element_type=\"widget\" data-widget_type=\"spacer.default\">\n\t\t\t\t<div class=\"elementor-widget-container\">\n\t\t\t\t\t\t\t<div class=\"elementor-spacer\">\n\t\t\t<div class=\"elementor-spacer-inner\"><\/div>\n\t\t<\/div>\n\t\t\t\t\t\t<\/div>\n\t\t\t\t<\/div>\n\t\t\t\t\t<\/div>\n\t\t\t\t<\/div>\n\t\t\t\t<\/div>\n\t\t","protected":false},"excerpt":{"rendered":"<p>Tenemos una filosofia Holistica del dise\u00f1o Escuchar a nuestros clientes inicia un proceso reflexivo de dise\u00f1o. Buscamos conocer no solo sus gustos est\u00e9ticos y sus necesidades funcionales sino tambi\u00e9n su estilo de vida, su historia, sus aspiraciones y valores personales.Proponemos un equilibrio arm\u00f3nico entre la expresividad arquitect\u00f3nica, la est\u00e9tica, la funcionalidad, los recursos econ\u00f3micos y&hellip;&nbsp;<a href=\"https:\/\/weareland.com.ar\/\" rel=\"bookmark\"><span class=\"screen-reader-text\">intro<\/span><\/a><\/p>\n","protected":false},"author":1,"featured_media":0,"parent":0,"menu_order":0,"comment_status":"closed","ping_status":"closed","template":"page-templates\/template-pagebuilder-full-width.php","meta":{"neve_meta_sidebar":"","neve_meta_container":"","neve_meta_enable_content_width":"","neve_meta_content_width":0,"neve_meta_title_alignment":"","neve_meta_author_avatar":"","neve_post_elements_order":"","neve_meta_disable_header":"","neve_meta_disable_footer":"","neve_meta_disable_title":"","neve_meta_reading_time":"","footnotes":""},"class_list":["post-16","page","type-page","status-publish","hentry"],"_links":{"self":[{"href":"https:\/\/weareland.com.ar\/index.php\/wp-json\/wp\/v2\/pages\/16","targetHints":{"allow":["GET"]}}],"collection":[{"href":"https:\/\/weareland.com.ar\/index.php\/wp-json\/wp\/v2\/pages"}],"about":[{"href":"https:\/\/weareland.com.ar\/index.php\/wp-json\/wp\/v2\/types\/page"}],"author":[{"embeddable":true,"href":"https:\/\/weareland.com.ar\/index.php\/wp-json\/wp\/v2\/users\/1"}],"replies":[{"embeddable":true,"href":"https:\/\/weareland.com.ar\/index.php\/wp-json\/wp\/v2\/comments?post=16"}],"version-history":[{"count":41,"href":"https:\/\/weareland.com.ar\/index.php\/wp-json\/wp\/v2\/pages\/16\/revisions"}],"predecessor-version":[{"id":708,"href":"https:\/\/weareland.com.ar\/index.php\/wp-json\/wp\/v2\/pages\/16\/revisions\/708"}],"wp:attachment":[{"href":"https:\/\/weareland.com.ar\/index.php\/wp-json\/wp\/v2\/media?parent=16"}],"curies":[{"name":"wp","href":"https:\/\/api.w.org\/{rel}","templated":true}]}}