{"id":139,"date":"2025-06-20T13:33:23","date_gmt":"2025-06-20T16:33:23","guid":{"rendered":"https:\/\/weareland.com.ar\/?page_id=139"},"modified":"2025-07-23T14:42:38","modified_gmt":"2025-07-23T17:42:38","slug":"shop","status":"publish","type":"page","link":"https:\/\/weareland.com.ar\/index.php\/shop\/","title":{"rendered":"Shop"},"content":{"rendered":"\t\t<div data-elementor-type=\"wp-page\" data-elementor-id=\"139\" class=\"elementor elementor-139\" data-elementor-post-type=\"page\">\n\t\t\t\t<div class=\"elementor-element elementor-element-39813fc e-flex e-con-boxed e-con e-parent\" data-id=\"39813fc\" data-element_type=\"container\">\n\t\t\t\t\t<div class=\"e-con-inner\">\n\t\t<div class=\"elementor-element elementor-element-19983c4 e-con-full e-flex e-con e-child\" data-id=\"19983c4\" data-element_type=\"container\">\n\t\t<div class=\"elementor-element elementor-element-d963738 e-con-full e-flex e-con e-child\" data-id=\"d963738\" data-element_type=\"container\">\n\t\t<div class=\"elementor-element elementor-element-59a4bf3 e-con-full e-flex e-con e-child\" data-id=\"59a4bf3\" data-element_type=\"container\">\n\t\t\t\t<div class=\"elementor-element elementor-element-599927b elementor-widget elementor-widget-heading\" data-id=\"599927b\" data-element_type=\"widget\" data-widget_type=\"heading.default\">\n\t\t\t\t<div class=\"elementor-widget-container\">\n\t\t\t\t\t<h2 class=\"elementor-heading-title elementor-size-default\">S H O P<\/h2>\t\t\t\t<\/div>\n\t\t\t\t<\/div>\n\t\t\t\t<\/div>\n\t\t<div class=\"elementor-element elementor-element-cd2a259 e-con-full e-flex e-con e-child\" data-id=\"cd2a259\" data-element_type=\"container\">\n\t\t\t\t<div class=\"elementor-element elementor-element-91c18a0 elementor-widget elementor-widget-text-editor\" data-id=\"91c18a0\" data-element_type=\"widget\" data-widget_type=\"text-editor.default\">\n\t\t\t\t<div class=\"elementor-widget-container\">\n\t\t\t\t\t\t\t\t\t<p>Nuestra filosof\u00eda de dise\u00f1o hol\u00edstico es tambi\u00e9n la base del dise\u00f1o y producci\u00f3n de muebles a medida.<br \/>Dise\u00f1amos y producimos muebles Custom Made. Integramos dise\u00f1o, est\u00e9tica, calidad y funcionalidad. Dise\u00f1ados para un lugar en particular. Sean revestimientos de pared, muebles embutidos, muebles integrales y petit muebles.<br \/>Dise\u00f1amos para clientes particulares y para Dise\u00f1adores de interior y Arquitectos.<\/p>\t\t\t\t\t\t\t\t<\/div>\n\t\t\t\t<\/div>\n\t\t\t\t<div class=\"elementor-element elementor-element-ba6ae78 elementor-widget elementor-widget-heading\" data-id=\"ba6ae78\" data-element_type=\"widget\" data-widget_type=\"heading.default\">\n\t\t\t\t<div class=\"elementor-widget-container\">\n\t\t\t\t\t<h2 class=\"elementor-heading-title elementor-size-default\">VISIT\u00c1  NUESTRA TIENDA ONLINE<\/h2>\t\t\t\t<\/div>\n\t\t\t\t<\/div>\n\t\t\t\t<div class=\"elementor-element elementor-element-a86fe6d elementor-widget elementor-widget-button\" data-id=\"a86fe6d\" data-element_type=\"widget\" data-widget_type=\"button.default\">\n\t\t\t\t<div class=\"elementor-widget-container\">\n\t\t\t\t\t\t\t\t\t<div class=\"elementor-button-wrapper\">\n\t\t\t\t\t<a class=\"elementor-button elementor-button-link elementor-size-sm\" href=\"https:\/\/landworkslife.com.ar\/\" target=\"_blank\">\n\t\t\t\t\t\t<span class=\"elementor-button-content-wrapper\">\n\t\t\t\t\t\t\t\t\t<span class=\"elementor-button-text\">LAND LIFE<\/span>\n\t\t\t\t\t<\/span>\n\t\t\t\t\t<\/a>\n\t\t\t\t<\/div>\n\t\t\t\t\t\t\t\t<\/div>\n\t\t\t\t<\/div>\n\t\t\t\t<\/div>\n\t\t\t\t<\/div>\n\t\t\t\t<\/div>\n\t\t\t\t\t<\/div>\n\t\t\t\t<\/div>\n\t\t<div class=\"elementor-element elementor-element-817b3c0 e-flex e-con-boxed e-con e-parent\" data-id=\"817b3c0\" data-element_type=\"container\">\n\t\t\t\t\t<div class=\"e-con-inner\">\n\t\t\t\t<div class=\"elementor-element elementor-element-21ee68f elementor-widget elementor-widget-spacer\" data-id=\"21ee68f\" data-element_type=\"widget\" data-widget_type=\"spacer.default\">\n\t\t\t\t<div class=\"elementor-widget-container\">\n\t\t\t\t\t\t\t<div class=\"elementor-spacer\">\n\t\t\t<div class=\"elementor-spacer-inner\"><\/div>\n\t\t<\/div>\n\t\t\t\t\t\t<\/div>\n\t\t\t\t<\/div>\n\t\t\t\t\t<\/div>\n\t\t\t\t<\/div>\n\t\t\t\t<\/div>\n\t\t","protected":false},"excerpt":{"rendered":"<p>S H O P Nuestra filosof\u00eda de dise\u00f1o hol\u00edstico es tambi\u00e9n la base del dise\u00f1o y producci\u00f3n de muebles a medida.Dise\u00f1amos y producimos muebles Custom Made. Integramos dise\u00f1o, est\u00e9tica, calidad y funcionalidad. Dise\u00f1ados para un lugar en particular. Sean revestimientos de pared, muebles embutidos, muebles integrales y petit muebles.Dise\u00f1amos para clientes particulares y para Dise\u00f1adores&hellip;&nbsp;<a href=\"https:\/\/weareland.com.ar\/index.php\/shop\/\" rel=\"bookmark\"><span class=\"screen-reader-text\">Shop<\/span><\/a><\/p>\n","protected":false},"author":1,"featured_media":0,"parent":0,"menu_order":0,"comment_status":"closed","ping_status":"closed","template":"page-templates\/template-pagebuilder-full-width.php","meta":{"neve_meta_sidebar":"","neve_meta_container":"","neve_meta_enable_content_width":"","neve_meta_content_width":0,"neve_meta_title_alignment":"","neve_meta_author_avatar":"","neve_post_elements_order":"","neve_meta_disable_header":"","neve_meta_disable_footer":"","neve_meta_disable_title":"","neve_meta_reading_time":"","footnotes":""},"class_list":["post-139","page","type-page","status-publish","hentry"],"_links":{"self":[{"href":"https:\/\/weareland.com.ar\/index.php\/wp-json\/wp\/v2\/pages\/139","targetHints":{"allow":["GET"]}}],"collection":[{"href":"https:\/\/weareland.com.ar\/index.php\/wp-json\/wp\/v2\/pages"}],"about":[{"href":"https:\/\/weareland.com.ar\/index.php\/wp-json\/wp\/v2\/types\/page"}],"author":[{"embeddable":true,"href":"https:\/\/weareland.com.ar\/index.php\/wp-json\/wp\/v2\/users\/1"}],"replies":[{"embeddable":true,"href":"https:\/\/weareland.com.ar\/index.php\/wp-json\/wp\/v2\/comments?post=139"}],"version-history":[{"count":10,"href":"https:\/\/weareland.com.ar\/index.php\/wp-json\/wp\/v2\/pages\/139\/revisions"}],"predecessor-version":[{"id":389,"href":"https:\/\/weareland.com.ar\/index.php\/wp-json\/wp\/v2\/pages\/139\/revisions\/389"}],"wp:attachment":[{"href":"https:\/\/weareland.com.ar\/index.php\/wp-json\/wp\/v2\/media?parent=139"}],"curies":[{"name":"wp","href":"https:\/\/api.w.org\/{rel}","templated":true}]}}